{"id":114,"date":"2017-04-22T21:08:08","date_gmt":"2017-04-22T21:08:08","guid":{"rendered":"http:\/\/www.aloewebs.cat\/aviso-legal"},"modified":"2017-04-23T22:41:07","modified_gmt":"2017-04-23T22:41:07","slug":"aviso-legal","status":"publish","type":"page","link":"https:\/\/www.aloewebs.cat\/es\/aviso-legal","title":{"rendered":"Aviso legal"},"content":{"rendered":"<h3>Informaci\u00f3n general<\/h3>\n<p>En cumplimiento de lo dispuesto en el art\u00edculo 10 de la Ley 34\/2002, de 11 de Julio, de Servicios de la Sociedad de la Informaci\u00f3n i Comercio Electr\u00f3nico (LSSICE), ponemos en tu conocimiento que la titular del dominio aloewebs.com es ALOE WEB SOLUCIONS, SCP (CIF J65971962), domiciliada en la calle Associaci\u00f3, 25 de Sant Pere de Vilamajor (Barcelona).<\/p>\n<p>Puedes contactar con nosotros por correo postal, telef\u00f3nicamente llamando al 938 450 106, o mediante el correo electr\u00f3nico info@aloewebs.com.<\/p>\n<h3>Privacidad y Protecci\u00f3n de datos<\/h3>\n<p>En cumplimiento de lo dispuesto en la Ley Org\u00e1nica 15\/1999, de 13 de diciembre, de Protecci\u00f3n de Datos de Car\u00e1cter Personal (en adelante &#8220;LOPD&#8221;), se informa al usuario que todos los datos de car\u00e1cter personal que nos proporcione a trav\u00e9s de la web ser\u00e1n incorporados a un fichero, creado y mantenido bajo la responsabilidad de ALOE WEB SOLUCIONS, SCP.<\/p>\n<p>Los datos de car\u00e1cter personal ser\u00e1n utilizados con la finalidad de remitir informaci\u00f3n t\u00e9cnica, comercial o publicitaria por via ordinaria o electr\u00f3nica a sus clientes o usuarios sobre productos o servicios que puedan ser de su inter\u00e9s. E<span style=\"line-height: 1.3em;\">sta aceptaci\u00f3n siempre tendr\u00e1 car\u00e1cter revocable.<\/span><\/p>\n<p>El uso de los formularios y servicios del presente sitio web est\u00e1 limitado a usuarios mayores de edad. Al utilizar cualquiera de ellos, garantizas que cumples con este requisito y aceptas las consecuencias que se deriven en caso de no ser as\u00ed.<\/p>\n<p><span style=\"line-height: 1.3em;\">Al facilitar voluntariamente tus datos o les de terceros, admites tener el consentimiento de estos terceros para la cesi\u00f3n de sus datos, y CONSIENTES EXPRESAMENTE su tratamiento, automatizado o no, por parte de ALOE WEB SOLUCIONS. Este consentimiento ser\u00e1 revocable mediante el ejercicio de tus derechos de acceso, rectificaci\u00f3n, cancelaci\u00f3n y oposici\u00f3n que ALOE WEB SOLUCIONS &nbsp;garantiza. Para ejercer cualquiera de estos derechos, puedes dirigir los impresos oficiales oportunos a nuestras dependencias, en la calle Associaci\u00f3, 25 de Sant Pere de Vilamajor 08458 &#8211; Barcelona, o bien dirigirte por correo electr\u00f3nico a info@aloewebs.com. En ALOE WEB SOLUCIONS nos preocupamos por la privacidad de tus datos, y por eso garantizamos la mayor confidencialidad en su tratamiento. En concreto, www.aloewebs.com no utiliza cookies que puedan hacer un uso no consentido de los datos personales.<\/span><\/p>\n","protected":false},"excerpt":{"rendered":"<p>Informaci\u00f3n general En cumplimiento de lo dispuesto en el art\u00edculo 10 de la Ley 34\/2002, de 11 de Julio, de Servicios de la Sociedad de la Informaci\u00f3n i Comercio Electr\u00f3nico (LSSICE), ponemos en tu conocimiento que la titular del dominio aloewebs.com es ALOE WEB SOLUCIONS, SCP (CIF J65971962), domiciliada en la calle Associaci\u00f3, 25 de  [&#8230;]<\/p>\n","protected":false},"author":1,"featured_media":0,"parent":0,"menu_order":0,"comment_status":"closed","ping_status":"closed","template":"","meta":{"_acf_changed":false,"footnotes":""},"class_list":["post-114","page","type-page","status-publish","hentry"],"acf":[],"_links":{"self":[{"href":"https:\/\/www.aloewebs.cat\/es\/wp-json\/wp\/v2\/pages\/114","targetHints":{"allow":["GET"]}}],"collection":[{"href":"https:\/\/www.aloewebs.cat\/es\/wp-json\/wp\/v2\/pages"}],"about":[{"href":"https:\/\/www.aloewebs.cat\/es\/wp-json\/wp\/v2\/types\/page"}],"author":[{"embeddable":true,"href":"https:\/\/www.aloewebs.cat\/es\/wp-json\/wp\/v2\/users\/1"}],"replies":[{"embeddable":true,"href":"https:\/\/www.aloewebs.cat\/es\/wp-json\/wp\/v2\/comments?post=114"}],"version-history":[{"count":1,"href":"https:\/\/www.aloewebs.cat\/es\/wp-json\/wp\/v2\/pages\/114\/revisions"}],"predecessor-version":[{"id":273,"href":"https:\/\/www.aloewebs.cat\/es\/wp-json\/wp\/v2\/pages\/114\/revisions\/273"}],"wp:attachment":[{"href":"https:\/\/www.aloewebs.cat\/es\/wp-json\/wp\/v2\/media?parent=114"}],"curies":[{"name":"wp","href":"https:\/\/api.w.org\/{rel}","templated":true}]}}