{"id":122,"date":"2017-04-23T19:22:53","date_gmt":"2017-04-23T19:22:53","guid":{"rendered":"http:\/\/www.aloewebs.cat\/comercio-electronico"},"modified":"2017-04-23T22:42:00","modified_gmt":"2017-04-23T22:42:00","slug":"comercio-electronico","status":"publish","type":"page","link":"https:\/\/www.aloewebs.cat\/es\/comercio-electronico","title":{"rendered":"Comercio electr\u00f3nico"},"content":{"rendered":"<div class=\"fusion-fullwidth fullwidth-box fusion-builder-row-1 nonhundred-percent-fullwidth non-hundred-percent-height-scrolling\" style=\"--awb-border-radius-top-left:0px;--awb-border-radius-top-right:0px;--awb-border-radius-bottom-right:0px;--awb-border-radius-bottom-left:0px;--awb-padding-top:20px;--awb-padding-bottom:20px;--awb-flex-wrap:wrap;\" ><div class=\"fusion-builder-row fusion-row\"><div class=\"fusion-layout-column fusion_builder_column fusion-builder-column-0 fusion_builder_column_1_3 1_3 fusion-one-third fusion-column-first\" style=\"--awb-bg-size:cover;width:33.333333333333%;width:calc(33.333333333333% - ( ( 4% ) * 0.33333333333333 ) );margin-right: 4%;\"><div class=\"fusion-column-wrapper fusion-flex-column-wrapper-legacy\"><div class=\"fusion-image-element fusion-image-align-center in-legacy-container\" style=\"text-align:center;--awb-bottom-shadow-color:rgba(0,0,0,0.4);--awb-caption-title-font-family:var(--h2_typography-font-family);--awb-caption-title-font-weight:var(--h2_typography-font-weight);--awb-caption-title-font-style:var(--h2_typography-font-style);--awb-caption-title-size:var(--h2_typography-font-size);--awb-caption-title-transform:var(--h2_typography-text-transform);--awb-caption-title-line-height:var(--h2_typography-line-height);--awb-caption-title-letter-spacing:var(--h2_typography-letter-spacing);\"><div class=\"imageframe-align-center\"><div class=\"awb-image-frame awb-image-frame-1 awb-bottomshadow\"><span class=\" fusion-imageframe imageframe-bottomshadow imageframe-1 hover-type-zoomin\"><picture><source srcset=\"https:\/\/www.aloewebs.cat\/wp-content\/webp-express\/webp-images\/uploads\/2017\/04\/ecommerce-200x300.jpg.webp 200w, https:\/\/www.aloewebs.cat\/wp-content\/webp-express\/webp-images\/uploads\/2017\/04\/ecommerce-400x600.jpg.webp 400w, https:\/\/www.aloewebs.cat\/wp-content\/webp-express\/webp-images\/uploads\/2017\/04\/ecommerce-600x900.jpg.webp 600w, https:\/\/www.aloewebs.cat\/wp-content\/webp-express\/webp-images\/uploads\/2017\/04\/ecommerce.jpg.webp 636w\" sizes=\"(max-width: 800px) 100vw, 400px\" type=\"image\/webp\"><img decoding=\"async\" width=\"636\" height=\"954\" title=\"ecommerce\" src=\"http:\/\/www.aloewebs.cat\/wp-content\/uploads\/2017\/04\/ecommerce.jpg\" alt=\"\" class=\"img-responsive wp-image-259 webpexpress-processed\" srcset=\"https:\/\/www.aloewebs.cat\/wp-content\/uploads\/2017\/04\/ecommerce-200x300.jpg 200w, https:\/\/www.aloewebs.cat\/wp-content\/uploads\/2017\/04\/ecommerce-400x600.jpg 400w, https:\/\/www.aloewebs.cat\/wp-content\/uploads\/2017\/04\/ecommerce-600x900.jpg 600w, https:\/\/www.aloewebs.cat\/wp-content\/uploads\/2017\/04\/ecommerce.jpg 636w\" sizes=\"(max-width: 800px) 100vw, 400px\"><\/picture><\/span><svg xmlns=\"http:\/\/www.w3.org\/2000\/svg\" version=\"1.1\" width=\"100%\" viewBox=\"0 0 600 28\" preserveAspectRatio=\"none\"><g clip-path=\"url(#a)\"><mask id=\"b\" style=\"mask-type:luminance\" maskUnits=\"userSpaceOnUse\" x=\"0\" y=\"0\" width=\"600\" height=\"28\"><path d=\"M0 0h600v28H0V0Z\" fill=\"#fff\"\/><\/mask><g filter=\"url(#c)\" mask=\"url(#b)\"><path d=\"M16.439-18.667h567.123v30.8S438.961-8.4 300-8.4C161.04-8.4 16.438 12.133 16.438 12.133v-30.8Z\" fill=\"#000\"\/><\/g><\/g><defs><clipPath id=\"a\"><path fill=\"#fff\" d=\"M0 0h600v28H0z\"\/><\/clipPath><filter id=\"c\" x=\"5.438\" y=\"-29.667\" width=\"589.123\" height=\"52.8\" filterUnits=\"userSpaceOnUse\" color-interpolation-filters=\"sRGB\"><feFlood flood-opacity=\"0\" result=\"BackgroundImageFix\"\/><feBlend in=\"SourceGraphic\" in2=\"BackgroundImageFix\" result=\"shape\"\/><feGaussianBlur stdDeviation=\"5.5\" result=\"effect1_foregroundBlur_3983_183\"\/><\/filter><\/defs><\/svg><\/div><\/div><\/div><div class=\"fusion-clearfix\"><\/div><\/div><\/div><div class=\"fusion-layout-column fusion_builder_column fusion-builder-column-1 fusion_builder_column_2_3 2_3 fusion-two-third fusion-column-last\" style=\"--awb-bg-size:cover;width:66.666666666667%;width:calc(66.666666666667% - ( ( 4% ) * 0.66666666666667 ) );\"><div class=\"fusion-column-wrapper fusion-flex-column-wrapper-legacy\"><div class=\"fusion-reading-box-container reading-box-container-1\" style=\"--awb-title-color:#333333;--awb-margin-top:0px;--awb-margin-bottom:84px;\"><div class=\"reading-box reading-box-center\" style=\"background-color:#f6f6f6;border-width:1px;border-color:#f6f6f6;border-left-width:3px;border-left-color:var(--primary_color);border-style:solid;\"><h2>Pide ya tu presupuesto sin compromiso<\/h2><div class=\"reading-box-description fusion-reading-box-additional\"> <\/div><div class=\"reading-box-additional\">\n<p style=\"text-align: center;\"><a class=\"fusion-button button-3d button-pill button-xlarge button-default button-1\" href=\"#\" target=\"_self\" data-toggle=\"modal\" data-target=\".fusion-modal.formulari\">\u00a1Haz click AQU\u00cd!<\/a><\/p>\n<\/div><div class=\"fusion-clearfix\"><\/div><\/div><svg style=\"opacity:0.7;\" xmlns=\"http:\/\/www.w3.org\/2000\/svg\" version=\"1.1\" width=\"100%\" viewBox=\"0 0 600 28\" preserveAspectRatio=\"none\"><g clip-path=\"url(#a)\"><mask id=\"b\" style=\"mask-type:luminance\" maskUnits=\"userSpaceOnUse\" x=\"0\" y=\"0\" width=\"600\" height=\"28\"><path d=\"M0 0h600v28H0V0Z\" fill=\"#fff\"\/><\/mask><g filter=\"url(#c)\" mask=\"url(#b)\"><path d=\"M16.439-18.667h567.123v30.8S438.961-8.4 300-8.4C161.04-8.4 16.438 12.133 16.438 12.133v-30.8Z\" fill=\"#000\"\/><\/g><\/g><defs><clipPath id=\"a\"><path fill=\"#fff\" d=\"M0 0h600v28H0z\"\/><\/clipPath><filter id=\"c\" x=\"5.438\" y=\"-29.667\" width=\"589.123\" height=\"52.8\" filterUnits=\"userSpaceOnUse\" color-interpolation-filters=\"sRGB\"><feFlood flood-opacity=\"0\" result=\"BackgroundImageFix\"\/><feBlend in=\"SourceGraphic\" in2=\"BackgroundImageFix\" result=\"shape\"\/><feGaussianBlur stdDeviation=\"5.5\" result=\"effect1_foregroundBlur_3983_183\"\/><\/filter><\/defs><\/svg><\/div><div class=\"accordian fusion-accordian\" style=\"--awb-border-size:1px;--awb-icon-size:16px;--awb-content-font-size:14px;--awb-icon-alignment:left;--awb-hover-color:#f9f9f9;--awb-border-color:#cccccc;--awb-background-color:#ffffff;--awb-divider-color:#e0dede;--awb-divider-hover-color:#e0dede;--awb-icon-color:var(--awb-color1);--awb-title-color:#333333;--awb-content-color:#747474;--awb-icon-box-color:#333333;--awb-toggle-hover-accent-color:#a0ce4e;--awb-title-font-family:&quot;Open Sans&quot;;--awb-title-font-weight:400;--awb-title-font-style:normal;--awb-content-font-family:&quot;Open Sans&quot;;--awb-content-font-style:normal;--awb-content-font-weight:400;\"><div class=\"panel-group fusion-toggle-icon-boxed\" id=\"accordion-122-1\"><div class=\"fusion-panel panel-default panel-d1f4f0610b03c48ea fusion-toggle-has-divider\"><div class=\"panel-heading\"><h4 class=\"panel-title toggle\" id=\"toggle_d1f4f0610b03c48ea\"><a class=\"active\" aria-expanded=\"true\" aria-controls=\"d1f4f0610b03c48ea\" role=\"button\" data-toggle=\"collapse\" data-parent=\"#accordion-122-1\" data-target=\"#d1f4f0610b03c48ea\" href=\"#d1f4f0610b03c48ea\"><span class=\"fusion-toggle-icon-wrapper\" aria-hidden=\"true\"><i class=\"fa-fusion-box active-icon awb-icon-minus\" aria-hidden=\"true\"><\/i><i class=\"fa-fusion-box inactive-icon awb-icon-plus\" aria-hidden=\"true\"><\/i><\/span><span class=\"fusion-toggle-heading\">Comercio electr\u00f3nico<\/span><\/a><\/h4><\/div><div id=\"d1f4f0610b03c48ea\" class=\"panel-collapse collapse in\" aria-labelledby=\"toggle_d1f4f0610b03c48ea\"><div class=\"panel-body toggle-content fusion-clearfix\">\n<p>Casi no queda sector profesional al que internet no haya afectado, sea en la vertiente comercial, en la de operaciones, o en todas.<\/p>\n<p>Las empresas se est\u00e1n volcando en este canal comercial, unas con m\u00e1s \u00e9xito que otras.<\/p>\n<p>Hay estudios que afirman que un 93% de los proyectos de e-commerce no alcanzan los objetivos, sin embargo, la soluci\u00f3n no pasa por ignorar el canal online.<\/p>\n<p>Una de las claves est\u00e1 en entender el proceso de compra, adem\u00e1s del de venta. Cientos de empresas te pueden montar una tienda online, pero no todas te ayudar\u00e1n a rentabilizar esta tienda.<\/p>\n<ul>\n<li>conoces los clientes, pero, \u00bfsabes c\u00f3mo se comportan frente a un ordenador?<\/li>\n<li>sabes cerrar una venta, pero, \u00bfsabes c\u00f3mo presentar el producto cuando la venta se tiene que cerrar sin estar presente?<\/li>\n<li>sabes promocionar tu negocio y tus productos, pero, \u00bfsabes c\u00f3mo conseguir que tu tienda tenga visitas \u00fatiles (es decir, de personas que consideren comprar)?<\/li>\n<\/ul>\n<\/div><\/div><\/div><div class=\"fusion-panel panel-default panel-e4c7175b9defb25a2 fusion-toggle-has-divider\"><div class=\"panel-heading\"><h4 class=\"panel-title toggle\" id=\"toggle_e4c7175b9defb25a2\"><a aria-expanded=\"false\" aria-controls=\"e4c7175b9defb25a2\" role=\"button\" data-toggle=\"collapse\" data-parent=\"#accordion-122-1\" data-target=\"#e4c7175b9defb25a2\" href=\"#e4c7175b9defb25a2\"><span class=\"fusion-toggle-icon-wrapper\" aria-hidden=\"true\"><i class=\"fa-fusion-box active-icon awb-icon-minus\" aria-hidden=\"true\"><\/i><i class=\"fa-fusion-box inactive-icon awb-icon-plus\" aria-hidden=\"true\"><\/i><\/span><span class=\"fusion-toggle-heading\">Tienda online<\/span><\/a><\/h4><\/div><div id=\"e4c7175b9defb25a2\" class=\"panel-collapse collapse \" aria-labelledby=\"toggle_e4c7175b9defb25a2\"><div class=\"panel-body toggle-content fusion-clearfix\">\n<p>Proporcionamos todo el rango de soluciones en comercio electr\u00f3nico: desde tiendas online hasta entornos integrados de e-commerce.<\/p>\n<p>Elige la soluci\u00f3n que m\u00e1s se adapte a tus necesidades ya tu presupuesto. Con nuestra ayuda, siempre podr\u00e1s evolucionar hacia arriba si lo necesitas.<\/p>\n<h3>Quiero empezar a vender por internet<\/h3>\n<p>Tu tienda online profesional que te permitir\u00e1 comenzar tu negocio por internet a un coste razonable.<\/p>\n<p>Gestiona directamente tu cat\u00e1logo, tu oferta comercial y tus clientes.<\/p>\n<p>\u00bfNecesitas apoyo? All\u00ed nos tendr\u00e1s.<\/p>\n<h3>Necesito integrar una soluci\u00f3n e-commerce con mis propios sistemas<\/h3>\n<p>Si ya dispones de herramientas que automatizan totalmente o parcialmente tus procesos de venta, o si necesitas que la gesti\u00f3n de tu tienda online est\u00e9 soportada desde tus propios entornos ERP y CRM, te podemos ayudar.<\/p>\n<h3>Necesito una tienda online a medida<\/h3>\n<p>Tenemos una amplia experiencia en el desarrollo de proyectos online adaptados al tama\u00f1o de necesidades espec\u00edficas. \u00a1Plant\u00e9anos las tuyas!<\/p>\n<\/div><\/div><\/div><div class=\"fusion-panel panel-default panel-17f703b411c20b661 fusion-toggle-has-divider\"><div class=\"panel-heading\"><h4 class=\"panel-title toggle\" id=\"toggle_17f703b411c20b661\"><a aria-expanded=\"false\" aria-controls=\"17f703b411c20b661\" role=\"button\" data-toggle=\"collapse\" data-parent=\"#accordion-122-1\" data-target=\"#17f703b411c20b661\" href=\"#17f703b411c20b661\"><span class=\"fusion-toggle-icon-wrapper\" aria-hidden=\"true\"><i class=\"fa-fusion-box active-icon awb-icon-minus\" aria-hidden=\"true\"><\/i><i class=\"fa-fusion-box inactive-icon awb-icon-plus\" aria-hidden=\"true\"><\/i><\/span><span class=\"fusion-toggle-heading\">Consultor\u00eda e-commerce<\/span><\/a><\/h4><\/div><div id=\"17f703b411c20b661\" class=\"panel-collapse collapse \" aria-labelledby=\"toggle_17f703b411c20b661\"><div class=\"panel-body toggle-content fusion-clearfix\">\n<p>\u00a1Decisiones, decisiones! \u00bfY si pudieses contar con alguien a tu lado que te asesore convenientmente sobre las decisiones que hay que ir tomando en tu estrategia online?<\/p>\n<ul>\n<li><span style=\"line-height: 1.3em;\">\u00bfDonde vender?<\/span><\/li>\n<li><span style=\"line-height: 1.3em;\">\u00bfCon qu\u00e9 procesos log\u00edsticos?<\/span><\/li>\n<li><span style=\"line-height: 1.3em;\">\u00bfCon qu\u00e9 estrategias promocionales?<\/span><\/li>\n<li><span style=\"line-height: 1.3em;\">\u00bfQu\u00e9 condiciones de venta y reembolso hay que definir?<\/span><\/li>\n<li><span style=\"line-height: 1.3em;\">etc.<\/span><\/li>\n<\/ul>\n<p>Desde el primer d\u00eda plantearemos las alternativas de forma clara y orientada a tu negocio, para que tomes en todo momento las decisiones m\u00e1s correctas.<\/p>\n<p>Tambi\u00e9n te podemos ayudar en todas aquellas tareas que quiz\u00e1s no pensaste al inicio:<\/p>\n<ul>\n<li><span style=\"line-height: 1.3em;\">dise\u00f1o de banners<\/span><\/li>\n<li><span style=\"line-height: 1.3em;\">textos legales<\/span><\/li>\n<li><span style=\"line-height: 1.3em;\">Ley de Protecci\u00f3n de Datos<\/span><\/li>\n<li><span style=\"line-height: 1.3em;\">Ley del Comercio Minorista<\/span><\/li>\n<li><span style=\"line-height: 1.3em;\">Ley de Servicios de la Sociedad de la Informaci\u00f3n<\/span><\/li>\n<li><span style=\"line-height: 1.3em;\">Sellos de Calidad<\/span><\/li>\n<li>etc.<\/li>\n<\/ul>\n<p>Contacta con nosotros para solicitar un presupuesto sin compromiso.<\/p>\n<\/div><\/div><\/div><div class=\"fusion-panel panel-default panel-6dcce7a80fd611f4d fusion-toggle-has-divider\"><div class=\"panel-heading\"><h4 class=\"panel-title toggle\" id=\"toggle_6dcce7a80fd611f4d\"><a aria-expanded=\"false\" aria-controls=\"6dcce7a80fd611f4d\" role=\"button\" data-toggle=\"collapse\" data-parent=\"#accordion-122-1\" data-target=\"#6dcce7a80fd611f4d\" href=\"#6dcce7a80fd611f4d\"><span class=\"fusion-toggle-icon-wrapper\" aria-hidden=\"true\"><i class=\"fa-fusion-box active-icon awb-icon-minus\" aria-hidden=\"true\"><\/i><i class=\"fa-fusion-box inactive-icon awb-icon-plus\" aria-hidden=\"true\"><\/i><\/span><span class=\"fusion-toggle-heading\">Posicionamiento<\/span><\/a><\/h4><\/div><div id=\"6dcce7a80fd611f4d\" class=\"panel-collapse collapse \" aria-labelledby=\"toggle_6dcce7a80fd611f4d\"><div class=\"panel-body toggle-content fusion-clearfix\">Ara ja saps tot el que podem fer per a que venguis amb \u00e8xit els teus productes per internet.<\/p>\n<p>Per\u00f2 ja ets conscient que la botiga online \u00e9s tan sols el primer pas per vendre per internet. Faran falta accions t\u00e0ctiques per a que la gent &#8220;entri&#8221; a la teva botiga, en lloc de a les de la compet\u00e8ncia.<\/p>\n<p>Per aix\u00f2 et convidem a con\u00e8ixer les nostres propostes per a augmentar el tr\u00e0fic cap al seu lloc.<\/p>\n<div class=\"fusion-aligncenter\"><a class=\"fusion-button button-flat button-xlarge button-default fusion-button-default button-1 fusion-button-default-span fusion-button-default-type\" target=\"_self\" href=\"\/es\/marketing-digital.html\"><span class=\"fusion-button-text awb-button__text awb-button__text--default\">Leer m\u00e1s&#8230;<\/span><\/a><\/div><\/div><\/div><\/div><\/div><\/div><div class=\"fusion-modal modal fade modal-1 formulari\" tabindex=\"-1\" role=\"dialog\" aria-labelledby=\"modal-heading-1\" aria-hidden=\"true\" style=\"--awb-border-color:#ebebeb;--awb-background:#f6f6f6;\"><div class=\"modal-dialog modal-lg\" role=\"document\"><div class=\"modal-content fusion-modal-content\"><div class=\"modal-header\"><button class=\"close\" type=\"button\" data-dismiss=\"modal\" aria-hidden=\"true\" aria-label=\"Close\">&times;<\/button><h3 class=\"modal-title\" id=\"modal-heading-1\" data-dismiss=\"modal\" aria-hidden=\"true\">Formulario de contacto<\/h3><\/div><div class=\"modal-body fusion-clearfix\">\n<div class=\"fusion-builder-row fusion-builder-row-inner fusion-row\"><div class=\"fusion-layout-column fusion_builder_column_inner fusion-builder-nested-column-0 fusion_builder_column_inner_1_2 1_2 fusion-one-half fusion-column-first\" style=\"--awb-bg-size:cover;width:50%;width:calc(50% - ( ( 4% ) * 0.5 ) );margin-right: 4%;\"><div class=\"fusion-column-wrapper fusion-flex-column-wrapper-legacy\"><div class=\"fusion-text fusion-text-1\">\n<div class=\"wpcf7 no-js\" id=\"wpcf7-f121-o1\" lang=\"\" dir=\"ltr\" data-wpcf7-id=\"121\">\n<div class=\"screen-reader-response\"><p role=\"status\" aria-live=\"polite\" aria-atomic=\"true\"><\/p> <ul><\/ul><\/div>\n<form action=\"\/es\/wp-json\/wp\/v2\/pages\/122#wpcf7-f121-o1\" method=\"post\" class=\"wpcf7-form init\" aria-label=\"Formulario de contacto\" novalidate=\"novalidate\" data-status=\"init\">\n<fieldset class=\"hidden-fields-container\"><input type=\"hidden\" name=\"_wpcf7\" value=\"121\" \/><input type=\"hidden\" name=\"_wpcf7_version\" value=\"6.1.5\" \/><input type=\"hidden\" name=\"_wpcf7_locale\" value=\"\" \/><input type=\"hidden\" name=\"_wpcf7_unit_tag\" value=\"wpcf7-f121-o1\" \/><input type=\"hidden\" name=\"_wpcf7_container_post\" value=\"0\" \/><input type=\"hidden\" name=\"_wpcf7_posted_data_hash\" value=\"\" \/><input type=\"hidden\" name=\"_wpcf7_recaptcha_response\" value=\"\" \/>\n<\/fieldset>\n<p><label>Nombre (*)<br \/>\n<span class=\"wpcf7-form-control-wrap\" data-name=\"your-name\"><input size=\"40\" maxlength=\"400\" class=\"wpcf7-form-control wpcf7-text wpcf7-validates-as-required\" aria-required=\"true\" aria-invalid=\"false\" value=\"\" type=\"text\" name=\"your-name\" \/><\/span> <\/label>\n<\/p>\n<p><label>Tel\u00e9fono<br \/>\n<span class=\"wpcf7-form-control-wrap\" data-name=\"your-telefon\"><input size=\"40\" maxlength=\"400\" class=\"wpcf7-form-control wpcf7-text\" aria-invalid=\"false\" value=\"\" type=\"text\" name=\"your-telefon\" \/><\/span> <\/label>\n<\/p>\n<p><label>E-mail (*)<br \/>\n<span class=\"wpcf7-form-control-wrap\" data-name=\"your-email\"><input size=\"40\" maxlength=\"400\" class=\"wpcf7-form-control wpcf7-email wpcf7-validates-as-required wpcf7-text wpcf7-validates-as-email\" aria-required=\"true\" aria-invalid=\"false\" value=\"\" type=\"email\" name=\"your-email\" \/><\/span> <\/label>\n<\/p>\n<p><label>Asunto<br \/>\n<span class=\"wpcf7-form-control-wrap\" data-name=\"your-subject\"><input size=\"40\" maxlength=\"400\" class=\"wpcf7-form-control wpcf7-text\" aria-invalid=\"false\" value=\"\" type=\"text\" name=\"your-subject\" \/><\/span> <\/label>\n<\/p>\n<p><label>Tu mensaje<br \/>\n<span class=\"wpcf7-form-control-wrap\" data-name=\"your-message\"><textarea cols=\"40\" rows=\"10\" maxlength=\"2000\" class=\"wpcf7-form-control wpcf7-textarea\" aria-invalid=\"false\" name=\"your-message\"><\/textarea><\/span> <\/label>\n<\/p>\n<p><input class=\"wpcf7-form-control wpcf7-submit has-spinner\" type=\"submit\" value=\"Enviar\" \/>\n<\/p><div class=\"fusion-alert alert custom alert-custom fusion-alert-center wpcf7-response-output awb-alert-native-link-color alert-dismissable awb-alert-close-boxed\" style=\"--awb-border-size:1px;--awb-border-top-left-radius:0px;--awb-border-top-right-radius:0px;--awb-border-bottom-left-radius:0px;--awb-border-bottom-right-radius:0px;\" role=\"alert\"><div class=\"fusion-alert-content-wrapper\"><span class=\"fusion-alert-content\"><\/span><\/div><button type=\"button\" class=\"close toggle-alert\" data-dismiss=\"alert\" aria-label=\"Close\">&times;<\/button><\/div>\n<\/form>\n<\/div>\n\n<\/div><div class=\"fusion-clearfix\"><\/div><\/div><\/div><div class=\"fusion-layout-column fusion_builder_column_inner fusion-builder-nested-column-1 fusion_builder_column_inner_1_2 1_2 fusion-one-half fusion-column-last\" style=\"--awb-bg-size:cover;width:50%;width:calc(50% - ( ( 4% ) * 0.5 ) );\"><div class=\"fusion-column-wrapper fusion-flex-column-wrapper-legacy\">\n<div class=\"fusion-text fusion-text-2\"><div class=\"modalderecha\">\n<p>En cumplimiento de la ley org\u00e1nica 15\/1999 de 13 de diciembre, de protecci\u00f3n de datos personales, te informamos que los datos que dejes en el formulario est\u00e1n almacenadas en un fichero inscrito en la agencia espa\u00f1ola de protecci\u00f3n de datos.<\/p>\n<p>Podr\u00e1s hacer uso de tus derechos dirigi\u00e9ndote a info@aloewebs.com.<\/p>\n<p>Asimismo, te informamos que al enviar el formulario de petici\u00f3n de contacto, nos est\u00e1s autorizando a enviarte per medios electr\u00f3nicos informaci\u00f3n sobre nuestras propuestas comerciales. Podr\u00e1s revocar esta autorizaci\u00f3n en todo momento enviando un correo electr\u00f3nico con esta petici\u00f3n a info@aloewebs.com.<\/p>\n<\/div>\n<\/div>\n<div class=\"fusion-clearfix\"><\/div><\/div><\/div><\/div>\n<\/div><\/div><\/div><\/div><div class=\"fusion-clearfix\"><\/div><\/div><\/div><\/div><\/div>\n","protected":false},"excerpt":{"rendered":"","protected":false},"author":1,"featured_media":0,"parent":0,"menu_order":0,"comment_status":"closed","ping_status":"closed","template":"","meta":{"_acf_changed":false,"footnotes":""},"class_list":["post-122","page","type-page","status-publish","hentry"],"acf":[],"_links":{"self":[{"href":"https:\/\/www.aloewebs.cat\/es\/wp-json\/wp\/v2\/pages\/122","targetHints":{"allow":["GET"]}}],"collection":[{"href":"https:\/\/www.aloewebs.cat\/es\/wp-json\/wp\/v2\/pages"}],"about":[{"href":"https:\/\/www.aloewebs.cat\/es\/wp-json\/wp\/v2\/types\/page"}],"author":[{"embeddable":true,"href":"https:\/\/www.aloewebs.cat\/es\/wp-json\/wp\/v2\/users\/1"}],"replies":[{"embeddable":true,"href":"https:\/\/www.aloewebs.cat\/es\/wp-json\/wp\/v2\/comments?post=122"}],"version-history":[{"count":22,"href":"https:\/\/www.aloewebs.cat\/es\/wp-json\/wp\/v2\/pages\/122\/revisions"}],"predecessor-version":[{"id":277,"href":"https:\/\/www.aloewebs.cat\/es\/wp-json\/wp\/v2\/pages\/122\/revisions\/277"}],"wp:attachment":[{"href":"https:\/\/www.aloewebs.cat\/es\/wp-json\/wp\/v2\/media?parent=122"}],"curies":[{"name":"wp","href":"https:\/\/api.w.org\/{rel}","templated":true}]}}