{"id":138,"date":"2017-04-23T19:23:21","date_gmt":"2017-04-23T19:23:21","guid":{"rendered":"http:\/\/www.aloewebs.cat\/contacto"},"modified":"2024-06-12T10:55:24","modified_gmt":"2024-06-12T08:55:24","slug":"contacto","status":"publish","type":"page","link":"https:\/\/www.aloewebs.cat\/es\/contacto","title":{"rendered":"Contacto"},"content":{"rendered":"<div class=\"fusion-fullwidth fullwidth-box fusion-builder-row-1 nonhundred-percent-fullwidth non-hundred-percent-height-scrolling\" style=\"--awb-border-radius-top-left:0px;--awb-border-radius-top-right:0px;--awb-border-radius-bottom-right:0px;--awb-border-radius-bottom-left:0px;--awb-padding-top:20px;--awb-padding-bottom:20px;--awb-flex-wrap:wrap;\" ><div class=\"fusion-builder-row fusion-row\"><div class=\"fusion-layout-column fusion_builder_column fusion-builder-column-0 fusion_builder_column_1_2 1_2 fusion-one-half fusion-column-first\" style=\"--awb-bg-size:cover;width:50%;width:calc(50% - ( ( 4% ) * 0.5 ) );margin-right: 4%;\"><div class=\"fusion-column-wrapper fusion-flex-column-wrapper-legacy\"><div class=\"fusion-text fusion-text-1\">\n<div class=\"wpcf7 no-js\" id=\"wpcf7-f121-o1\" lang=\"\" dir=\"ltr\" data-wpcf7-id=\"121\">\n<div class=\"screen-reader-response\"><p role=\"status\" aria-live=\"polite\" aria-atomic=\"true\"><\/p> <ul><\/ul><\/div>\n<form action=\"\/es\/wp-json\/wp\/v2\/pages\/138#wpcf7-f121-o1\" method=\"post\" class=\"wpcf7-form init\" aria-label=\"Formulario de contacto\" novalidate=\"novalidate\" data-status=\"init\">\n<fieldset class=\"hidden-fields-container\"><input type=\"hidden\" name=\"_wpcf7\" value=\"121\" \/><input type=\"hidden\" name=\"_wpcf7_version\" value=\"6.1.5\" \/><input type=\"hidden\" name=\"_wpcf7_locale\" value=\"\" \/><input type=\"hidden\" name=\"_wpcf7_unit_tag\" value=\"wpcf7-f121-o1\" \/><input type=\"hidden\" name=\"_wpcf7_container_post\" value=\"0\" \/><input type=\"hidden\" name=\"_wpcf7_posted_data_hash\" value=\"\" \/><input type=\"hidden\" name=\"_wpcf7_recaptcha_response\" value=\"\" \/>\n<\/fieldset>\n<p><label>Nombre (*)<br \/>\n<span class=\"wpcf7-form-control-wrap\" data-name=\"your-name\"><input size=\"40\" maxlength=\"400\" class=\"wpcf7-form-control wpcf7-text wpcf7-validates-as-required\" aria-required=\"true\" aria-invalid=\"false\" value=\"\" type=\"text\" name=\"your-name\" \/><\/span> <\/label>\n<\/p>\n<p><label>Tel\u00e9fono<br \/>\n<span class=\"wpcf7-form-control-wrap\" data-name=\"your-telefon\"><input size=\"40\" maxlength=\"400\" class=\"wpcf7-form-control wpcf7-text\" aria-invalid=\"false\" value=\"\" type=\"text\" name=\"your-telefon\" \/><\/span> <\/label>\n<\/p>\n<p><label>E-mail (*)<br \/>\n<span class=\"wpcf7-form-control-wrap\" data-name=\"your-email\"><input size=\"40\" maxlength=\"400\" class=\"wpcf7-form-control wpcf7-email wpcf7-validates-as-required wpcf7-text wpcf7-validates-as-email\" aria-required=\"true\" aria-invalid=\"false\" value=\"\" type=\"email\" name=\"your-email\" \/><\/span> <\/label>\n<\/p>\n<p><label>Asunto<br \/>\n<span class=\"wpcf7-form-control-wrap\" data-name=\"your-subject\"><input size=\"40\" maxlength=\"400\" class=\"wpcf7-form-control wpcf7-text\" aria-invalid=\"false\" value=\"\" type=\"text\" name=\"your-subject\" \/><\/span> <\/label>\n<\/p>\n<p><label>Tu mensaje<br \/>\n<span class=\"wpcf7-form-control-wrap\" data-name=\"your-message\"><textarea cols=\"40\" rows=\"10\" maxlength=\"2000\" class=\"wpcf7-form-control wpcf7-textarea\" aria-invalid=\"false\" name=\"your-message\"><\/textarea><\/span> <\/label>\n<\/p>\n<p><input class=\"wpcf7-form-control wpcf7-submit has-spinner\" type=\"submit\" value=\"Enviar\" \/>\n<\/p><div class=\"fusion-alert alert custom alert-custom fusion-alert-center wpcf7-response-output awb-alert-native-link-color alert-dismissable awb-alert-close-boxed\" style=\"--awb-border-size:1px;--awb-border-top-left-radius:0px;--awb-border-top-right-radius:0px;--awb-border-bottom-left-radius:0px;--awb-border-bottom-right-radius:0px;\" role=\"alert\"><div class=\"fusion-alert-content-wrapper\"><span class=\"fusion-alert-content\"><\/span><\/div><button type=\"button\" class=\"close toggle-alert\" data-dismiss=\"alert\" aria-label=\"Close\">&times;<\/button><\/div>\n<\/form>\n<\/div>\n\n<\/div><div class=\"fusion-clearfix\"><\/div><\/div><\/div><div class=\"fusion-layout-column fusion_builder_column fusion-builder-column-1 fusion_builder_column_1_2 1_2 fusion-one-half fusion-column-last\" style=\"--awb-bg-size:cover;width:50%;width:calc(50% - ( ( 4% ) * 0.5 ) );\"><div class=\"fusion-column-wrapper fusion-flex-column-wrapper-legacy\"><div class=\"fusion-image-element fusion-image-align-center in-legacy-container\" style=\"text-align:center;--awb-bottom-shadow-color:rgba(0,0,0,0.4);--awb-caption-title-font-family:var(--h2_typography-font-family);--awb-caption-title-font-weight:var(--h2_typography-font-weight);--awb-caption-title-font-style:var(--h2_typography-font-style);--awb-caption-title-size:var(--h2_typography-font-size);--awb-caption-title-transform:var(--h2_typography-text-transform);--awb-caption-title-line-height:var(--h2_typography-line-height);--awb-caption-title-letter-spacing:var(--h2_typography-letter-spacing);\"><div class=\"imageframe-align-center\"><div class=\"awb-image-frame awb-image-frame-1 awb-bottomshadow\"><span class=\" fusion-imageframe imageframe-bottomshadow imageframe-1 hover-type-zoomin\"><picture><source srcset=\"https:\/\/www.aloewebs.cat\/wp-content\/webp-express\/webp-images\/uploads\/2017\/04\/prueba-200x140.jpg.webp 200w, https:\/\/www.aloewebs.cat\/wp-content\/webp-express\/webp-images\/uploads\/2017\/04\/prueba-400x280.jpg.webp 400w, https:\/\/www.aloewebs.cat\/wp-content\/webp-express\/webp-images\/uploads\/2017\/04\/prueba-600x419.jpg.webp 600w, https:\/\/www.aloewebs.cat\/wp-content\/webp-express\/webp-images\/uploads\/2017\/04\/prueba-800x559.jpg.webp 800w, https:\/\/www.aloewebs.cat\/wp-content\/webp-express\/webp-images\/uploads\/2017\/04\/prueba.jpg.webp 1000w\" sizes=\"(max-width: 800px) 100vw, 600px\" type=\"image\/webp\"><img decoding=\"async\" width=\"1000\" height=\"699\" title=\"empresa disseny web barcelona\" src=\"http:\/\/www.aloewebs.cat\/wp-content\/uploads\/2017\/04\/prueba.jpg\" alt=\"\" class=\"img-responsive wp-image-257 webpexpress-processed\" srcset=\"https:\/\/www.aloewebs.cat\/wp-content\/uploads\/2017\/04\/prueba-200x140.jpg 200w, https:\/\/www.aloewebs.cat\/wp-content\/uploads\/2017\/04\/prueba-400x280.jpg 400w, https:\/\/www.aloewebs.cat\/wp-content\/uploads\/2017\/04\/prueba-600x419.jpg 600w, https:\/\/www.aloewebs.cat\/wp-content\/uploads\/2017\/04\/prueba-800x559.jpg 800w, https:\/\/www.aloewebs.cat\/wp-content\/uploads\/2017\/04\/prueba.jpg 1000w\" sizes=\"(max-width: 800px) 100vw, 600px\"><\/picture><\/span><svg xmlns=\"http:\/\/www.w3.org\/2000\/svg\" version=\"1.1\" width=\"100%\" viewBox=\"0 0 600 28\" preserveAspectRatio=\"none\"><g clip-path=\"url(#a)\"><mask id=\"b\" style=\"mask-type:luminance\" maskUnits=\"userSpaceOnUse\" x=\"0\" y=\"0\" width=\"600\" height=\"28\"><path d=\"M0 0h600v28H0V0Z\" fill=\"#fff\"\/><\/mask><g filter=\"url(#c)\" mask=\"url(#b)\"><path d=\"M16.439-18.667h567.123v30.8S438.961-8.4 300-8.4C161.04-8.4 16.438 12.133 16.438 12.133v-30.8Z\" fill=\"#000\"\/><\/g><\/g><defs><clipPath id=\"a\"><path fill=\"#fff\" d=\"M0 0h600v28H0z\"\/><\/clipPath><filter id=\"c\" x=\"5.438\" y=\"-29.667\" width=\"589.123\" height=\"52.8\" filterUnits=\"userSpaceOnUse\" color-interpolation-filters=\"sRGB\"><feFlood flood-opacity=\"0\" result=\"BackgroundImageFix\"\/><feBlend in=\"SourceGraphic\" in2=\"BackgroundImageFix\" result=\"shape\"\/><feGaussianBlur stdDeviation=\"5.5\" result=\"effect1_foregroundBlur_3983_183\"\/><\/filter><\/defs><\/svg><\/div><\/div><\/div><div class=\"fusion-reading-box-container reading-box-container-1\" style=\"--awb-title-color:#333333;--awb-margin-top:30px;--awb-margin-bottom:84px;\"><div class=\"reading-box\" style=\"background-color:#f6f6f6;border-width:1px;border-color:#a0a0a0;border-left-width:3px;border-left-color:var(--primary_color);border-style:solid;\"><div class=\"reading-box-additional\">\n<p>Aloe Web Solucions, SCP<br \/>\nAssociaci\u00f3, 25<br \/>\n08458 &#8211; Sant Pere de Vilamajor (Barcelona)<br \/>\ntlf <a href=\"tel:938450106\">938 450 106<\/a> &#8211; <a href=\"mailto:info@aloewebs.com\">info@aloewebs.com<\/a><\/p>\n<\/div><div class=\"fusion-clearfix\"><\/div><\/div><svg style=\"opacity:0.70;\" xmlns=\"http:\/\/www.w3.org\/2000\/svg\" version=\"1.1\" width=\"100%\" viewBox=\"0 0 600 28\" preserveAspectRatio=\"none\"><g clip-path=\"url(#a)\"><mask id=\"b\" style=\"mask-type:luminance\" maskUnits=\"userSpaceOnUse\" x=\"0\" y=\"0\" width=\"600\" height=\"28\"><path d=\"M0 0h600v28H0V0Z\" fill=\"#fff\"\/><\/mask><g filter=\"url(#c)\" mask=\"url(#b)\"><path d=\"M16.439-18.667h567.123v30.8S438.961-8.4 300-8.4C161.04-8.4 16.438 12.133 16.438 12.133v-30.8Z\" fill=\"#000\"\/><\/g><\/g><defs><clipPath id=\"a\"><path fill=\"#fff\" d=\"M0 0h600v28H0z\"\/><\/clipPath><filter id=\"c\" x=\"5.438\" y=\"-29.667\" width=\"589.123\" height=\"52.8\" filterUnits=\"userSpaceOnUse\" color-interpolation-filters=\"sRGB\"><feFlood flood-opacity=\"0\" result=\"BackgroundImageFix\"\/><feBlend in=\"SourceGraphic\" in2=\"BackgroundImageFix\" result=\"shape\"\/><feGaussianBlur stdDeviation=\"5.5\" result=\"effect1_foregroundBlur_3983_183\"\/><\/filter><\/defs><\/svg><\/div><div class=\"fusion-clearfix\"><\/div><\/div><\/div><div class=\"fusion-layout-column fusion_builder_column fusion-builder-column-2 fusion_builder_column_1_1 1_1 fusion-one-full fusion-column-first fusion-column-last\" style=\"--awb-bg-size:cover;\"><div class=\"fusion-column-wrapper fusion-flex-column-wrapper-legacy\"><div class=\"fusion-text fusion-text-2\"><p>En cumplimiento de la ley org\u00e1nica 15\/1999 de 13 de diciembre, de protecci\u00f3n de datos personales, te informamos que los datos que dejes en el formulario est\u00e1n almacenadas en un fichero inscrito en la agencia espa\u00f1ola de protecci\u00f3n de datos.<\/p>\n<p>Podr\u00e1s hacer uso de tus derechos dirigi\u00e9ndote a info@aloewebs.com.<\/p>\n<p>Asimismo, te informamos que al enviar el formulario de petici\u00f3n de contacto, nos est\u00e1s autorizando a enviarte per medios electr\u00f3nicos informaci\u00f3n sobre nuestras propuestas comerciales. Podr\u00e1s revocar esta autorizaci\u00f3n en todo momento enviando un correo electr\u00f3nico con esta petici\u00f3n a info@aloewebs.com.<\/p>\n<\/div><div class=\"fusion-clearfix\"><\/div><\/div><\/div><\/div><\/div>\n","protected":false},"excerpt":{"rendered":"","protected":false},"author":1,"featured_media":0,"parent":0,"menu_order":0,"comment_status":"closed","ping_status":"closed","template":"","meta":{"_acf_changed":false,"footnotes":""},"class_list":["post-138","page","type-page","status-publish","hentry"],"acf":[],"_links":{"self":[{"href":"https:\/\/www.aloewebs.cat\/es\/wp-json\/wp\/v2\/pages\/138","targetHints":{"allow":["GET"]}}],"collection":[{"href":"https:\/\/www.aloewebs.cat\/es\/wp-json\/wp\/v2\/pages"}],"about":[{"href":"https:\/\/www.aloewebs.cat\/es\/wp-json\/wp\/v2\/types\/page"}],"author":[{"embeddable":true,"href":"https:\/\/www.aloewebs.cat\/es\/wp-json\/wp\/v2\/users\/1"}],"replies":[{"embeddable":true,"href":"https:\/\/www.aloewebs.cat\/es\/wp-json\/wp\/v2\/comments?post=138"}],"version-history":[{"count":21,"href":"https:\/\/www.aloewebs.cat\/es\/wp-json\/wp\/v2\/pages\/138\/revisions"}],"predecessor-version":[{"id":9749,"href":"https:\/\/www.aloewebs.cat\/es\/wp-json\/wp\/v2\/pages\/138\/revisions\/9749"}],"wp:attachment":[{"href":"https:\/\/www.aloewebs.cat\/es\/wp-json\/wp\/v2\/media?parent=138"}],"curies":[{"name":"wp","href":"https:\/\/api.w.org\/{rel}","templated":true}]}}