{"id":145,"date":"2017-04-23T19:27:33","date_gmt":"2017-04-23T19:27:33","guid":{"rendered":"http:\/\/www.aloewebs.cat\/quienes-somos"},"modified":"2017-04-23T22:43:19","modified_gmt":"2017-04-23T22:43:19","slug":"quienes-somos","status":"publish","type":"page","link":"https:\/\/www.aloewebs.cat\/es\/quienes-somos","title":{"rendered":"Quienes somos"},"content":{"rendered":"<div class=\"fusion-fullwidth fullwidth-box fusion-builder-row-1 nonhundred-percent-fullwidth non-hundred-percent-height-scrolling\" style=\"--awb-border-radius-top-left:0px;--awb-border-radius-top-right:0px;--awb-border-radius-bottom-right:0px;--awb-border-radius-bottom-left:0px;--awb-padding-top:20px;--awb-padding-bottom:20px;--awb-flex-wrap:wrap;\" ><div class=\"fusion-builder-row fusion-row\"><div class=\"fusion-layout-column fusion_builder_column fusion-builder-column-0 fusion_builder_column_1_2 1_2 fusion-one-half fusion-column-first\" style=\"--awb-bg-size:cover;width:50%;width:calc(50% - ( ( 4% ) * 0.5 ) );margin-right: 4%;\"><div class=\"fusion-column-wrapper fusion-flex-column-wrapper-legacy\"><div class=\"fusion-text fusion-text-1\"><p>\u00bfQuienes somos? Ante todo, profesionales.<\/p>\n<p>Gente que vive con pasi\u00f3n prestar <strong>servicios para empresas<\/strong>.<\/p>\n<p>Que entendemos qu\u00e9 espera de nosotros un cliente. &#8220;<em>Customer is king<\/em>&#8221; no es s\u00f3lo una frase en ingl\u00e9s, sino una manera de entender c\u00f3mo se debe gestionar una empresa. <strong>Atenci\u00f3n al Cliente<\/strong> en el sentido m\u00e1s americano del t\u00e9rmino.<\/p>\n<p>Gente que no trata de impresionar con palabras t\u00e9cnicas s\u00f3lo para iniciados, sino que en todo momento procura que el cliente se sienta confortable y, por ello, debe saber qu\u00e9 hacemos y por qu\u00e9.<\/p>\n<p>Y competentes t\u00e9cnicamente. Por supuesto. Rehuimos las explicaciones arcanas porque entendemos donde nos movemos, y ayudamos a hacerlo entender a nuestros clientes.<\/p>\n<p>Nuestra motivaci\u00f3n es hacer cosas que funcionen y conseguir que nuestros clientes est\u00e9n tranquilos y puedan concentrarse en su propio negocio, sabiendo que tienen al lado a alguien que se preocupa por ellos en cuanto a sacar provecho de internet.<\/p>\n<p>De ah\u00ed el nombre, <span style=\"color: #0c94d9;\">Aloe Web<\/span>, porque <span style=\"color: #84c023;\">cuidamos tu web<\/span><\/p>\n<\/div><div class=\"fusion-clearfix\"><\/div><\/div><\/div><div class=\"fusion-layout-column fusion_builder_column fusion-builder-column-1 fusion_builder_column_1_2 1_2 fusion-one-half fusion-column-last\" style=\"--awb-bg-size:cover;width:50%;width:calc(50% - ( ( 4% ) * 0.5 ) );\"><div class=\"fusion-column-wrapper fusion-flex-column-wrapper-legacy\"><div class=\"fusion-image-element fusion-image-align-center in-legacy-container\" style=\"text-align:center;--awb-bottom-shadow-color:rgba(0,0,0,0.4);--awb-caption-title-font-family:var(--h2_typography-font-family);--awb-caption-title-font-weight:var(--h2_typography-font-weight);--awb-caption-title-font-style:var(--h2_typography-font-style);--awb-caption-title-size:var(--h2_typography-font-size);--awb-caption-title-transform:var(--h2_typography-text-transform);--awb-caption-title-line-height:var(--h2_typography-line-height);--awb-caption-title-letter-spacing:var(--h2_typography-letter-spacing);\"><div class=\"imageframe-align-center\"><div class=\"awb-image-frame awb-image-frame-1 imageframe-liftup awb-bottomshadow\"><span class=\" fusion-imageframe imageframe-bottomshadow imageframe-1\"><picture><source srcset=\"https:\/\/www.aloewebs.cat\/wp-content\/webp-express\/webp-images\/uploads\/2017\/04\/34-200x217.jpg.webp 200w, https:\/\/www.aloewebs.cat\/wp-content\/webp-express\/webp-images\/uploads\/2017\/04\/34-400x433.jpg.webp 400w, https:\/\/www.aloewebs.cat\/wp-content\/webp-express\/webp-images\/uploads\/2017\/04\/34.jpg.webp 480w\" sizes=\"(max-width: 800px) 100vw, 480px\" type=\"image\/webp\"><img decoding=\"async\" width=\"480\" height=\"520\" title=\"disseny web valles oriental\" src=\"http:\/\/www.aloewebs.cat\/wp-content\/uploads\/2017\/04\/34.jpg\" alt=\"\" class=\"img-responsive wp-image-256 webpexpress-processed\" srcset=\"https:\/\/www.aloewebs.cat\/wp-content\/uploads\/2017\/04\/34-200x217.jpg 200w, https:\/\/www.aloewebs.cat\/wp-content\/uploads\/2017\/04\/34-400x433.jpg 400w, https:\/\/www.aloewebs.cat\/wp-content\/uploads\/2017\/04\/34.jpg 480w\" sizes=\"(max-width: 800px) 100vw, 480px\"><\/picture><\/span><svg xmlns=\"http:\/\/www.w3.org\/2000\/svg\" version=\"1.1\" width=\"100%\" viewBox=\"0 0 600 28\" preserveAspectRatio=\"none\"><g clip-path=\"url(#a)\"><mask id=\"b\" style=\"mask-type:luminance\" maskUnits=\"userSpaceOnUse\" x=\"0\" y=\"0\" width=\"600\" height=\"28\"><path d=\"M0 0h600v28H0V0Z\" fill=\"#fff\"\/><\/mask><g filter=\"url(#c)\" mask=\"url(#b)\"><path d=\"M16.439-18.667h567.123v30.8S438.961-8.4 300-8.4C161.04-8.4 16.438 12.133 16.438 12.133v-30.8Z\" fill=\"#000\"\/><\/g><\/g><defs><clipPath id=\"a\"><path fill=\"#fff\" d=\"M0 0h600v28H0z\"\/><\/clipPath><filter id=\"c\" x=\"5.438\" y=\"-29.667\" width=\"589.123\" height=\"52.8\" filterUnits=\"userSpaceOnUse\" color-interpolation-filters=\"sRGB\"><feFlood flood-opacity=\"0\" result=\"BackgroundImageFix\"\/><feBlend in=\"SourceGraphic\" in2=\"BackgroundImageFix\" result=\"shape\"\/><feGaussianBlur stdDeviation=\"5.5\" result=\"effect1_foregroundBlur_3983_183\"\/><\/filter><\/defs><\/svg><\/div><\/div><\/div><div class=\"fusion-clearfix\"><\/div><\/div><\/div><\/div><\/div>\n","protected":false},"excerpt":{"rendered":"","protected":false},"author":1,"featured_media":0,"parent":0,"menu_order":0,"comment_status":"closed","ping_status":"closed","template":"","meta":{"_acf_changed":false,"footnotes":""},"class_list":["post-145","page","type-page","status-publish","hentry"],"acf":[],"_links":{"self":[{"href":"https:\/\/www.aloewebs.cat\/es\/wp-json\/wp\/v2\/pages\/145","targetHints":{"allow":["GET"]}}],"collection":[{"href":"https:\/\/www.aloewebs.cat\/es\/wp-json\/wp\/v2\/pages"}],"about":[{"href":"https:\/\/www.aloewebs.cat\/es\/wp-json\/wp\/v2\/types\/page"}],"author":[{"embeddable":true,"href":"https:\/\/www.aloewebs.cat\/es\/wp-json\/wp\/v2\/users\/1"}],"replies":[{"embeddable":true,"href":"https:\/\/www.aloewebs.cat\/es\/wp-json\/wp\/v2\/comments?post=145"}],"version-history":[{"count":3,"href":"https:\/\/www.aloewebs.cat\/es\/wp-json\/wp\/v2\/pages\/145\/revisions"}],"predecessor-version":[{"id":297,"href":"https:\/\/www.aloewebs.cat\/es\/wp-json\/wp\/v2\/pages\/145\/revisions\/297"}],"wp:attachment":[{"href":"https:\/\/www.aloewebs.cat\/es\/wp-json\/wp\/v2\/media?parent=145"}],"curies":[{"name":"wp","href":"https:\/\/api.w.org\/{rel}","templated":true}]}}