{"id":147,"date":"2017-04-23T19:32:41","date_gmt":"2017-04-23T19:32:41","guid":{"rendered":"http:\/\/www.aloewebs.cat\/diseno-web"},"modified":"2017-04-23T22:42:12","modified_gmt":"2017-04-23T22:42:12","slug":"diseno-web","status":"publish","type":"page","link":"https:\/\/www.aloewebs.cat\/es\/diseno-web","title":{"rendered":"Dise\u00f1o web"},"content":{"rendered":"<div class=\"fusion-fullwidth fullwidth-box fusion-builder-row-1 nonhundred-percent-fullwidth non-hundred-percent-height-scrolling\" style=\"--awb-border-radius-top-left:0px;--awb-border-radius-top-right:0px;--awb-border-radius-bottom-right:0px;--awb-border-radius-bottom-left:0px;--awb-padding-top:20px;--awb-padding-bottom:20px;--awb-flex-wrap:wrap;\" ><div class=\"fusion-builder-row fusion-row\"><div class=\"fusion-layout-column fusion_builder_column fusion-builder-column-0 fusion_builder_column_1_3 1_3 fusion-one-third fusion-column-first\" style=\"--awb-bg-size:cover;width:33.333333333333%;width:calc(33.333333333333% - ( ( 4% ) * 0.33333333333333 ) );margin-right: 4%;\"><div class=\"fusion-column-wrapper fusion-flex-column-wrapper-legacy\"><div class=\"fusion-image-element fusion-image-align-center in-legacy-container\" style=\"text-align:center;--awb-bottom-shadow-color:rgba(0,0,0,0.4);--awb-caption-title-font-family:var(--h2_typography-font-family);--awb-caption-title-font-weight:var(--h2_typography-font-weight);--awb-caption-title-font-style:var(--h2_typography-font-style);--awb-caption-title-size:var(--h2_typography-font-size);--awb-caption-title-transform:var(--h2_typography-text-transform);--awb-caption-title-line-height:var(--h2_typography-line-height);--awb-caption-title-letter-spacing:var(--h2_typography-letter-spacing);\"><div class=\"imageframe-align-center\"><div class=\"awb-image-frame awb-image-frame-1 awb-bottomshadow\"><span class=\" fusion-imageframe imageframe-bottomshadow imageframe-1 hover-type-zoomin\"><picture><source srcset=\"https:\/\/www.aloewebs.cat\/wp-content\/webp-express\/webp-images\/uploads\/2017\/04\/disseny-web-200x133.jpg.webp 200w, https:\/\/www.aloewebs.cat\/wp-content\/webp-express\/webp-images\/uploads\/2017\/04\/disseny-web-400x267.jpg.webp 400w, https:\/\/www.aloewebs.cat\/wp-content\/webp-express\/webp-images\/uploads\/2017\/04\/disseny-web-600x400.jpg.webp 600w, https:\/\/www.aloewebs.cat\/wp-content\/webp-express\/webp-images\/uploads\/2017\/04\/disseny-web.jpg.webp 768w\" sizes=\"(max-width: 800px) 100vw, 400px\" type=\"image\/webp\"><img decoding=\"async\" width=\"768\" height=\"512\" title=\"disseny web barcelona\" src=\"http:\/\/www.aloewebs.cat\/wp-content\/uploads\/2017\/04\/disseny-web.jpg\" alt=\"\" class=\"img-responsive wp-image-262 webpexpress-processed\" srcset=\"https:\/\/www.aloewebs.cat\/wp-content\/uploads\/2017\/04\/disseny-web-200x133.jpg 200w, https:\/\/www.aloewebs.cat\/wp-content\/uploads\/2017\/04\/disseny-web-400x267.jpg 400w, https:\/\/www.aloewebs.cat\/wp-content\/uploads\/2017\/04\/disseny-web-600x400.jpg 600w, https:\/\/www.aloewebs.cat\/wp-content\/uploads\/2017\/04\/disseny-web.jpg 768w\" sizes=\"(max-width: 800px) 100vw, 400px\"><\/picture><\/span><svg xmlns=\"http:\/\/www.w3.org\/2000\/svg\" version=\"1.1\" width=\"100%\" viewBox=\"0 0 600 28\" preserveAspectRatio=\"none\"><g clip-path=\"url(#a)\"><mask id=\"b\" style=\"mask-type:luminance\" maskUnits=\"userSpaceOnUse\" x=\"0\" y=\"0\" width=\"600\" height=\"28\"><path d=\"M0 0h600v28H0V0Z\" fill=\"#fff\"\/><\/mask><g filter=\"url(#c)\" mask=\"url(#b)\"><path d=\"M16.439-18.667h567.123v30.8S438.961-8.4 300-8.4C161.04-8.4 16.438 12.133 16.438 12.133v-30.8Z\" fill=\"#000\"\/><\/g><\/g><defs><clipPath id=\"a\"><path fill=\"#fff\" d=\"M0 0h600v28H0z\"\/><\/clipPath><filter id=\"c\" x=\"5.438\" y=\"-29.667\" width=\"589.123\" height=\"52.8\" filterUnits=\"userSpaceOnUse\" color-interpolation-filters=\"sRGB\"><feFlood flood-opacity=\"0\" result=\"BackgroundImageFix\"\/><feBlend in=\"SourceGraphic\" in2=\"BackgroundImageFix\" result=\"shape\"\/><feGaussianBlur stdDeviation=\"5.5\" result=\"effect1_foregroundBlur_3983_183\"\/><\/filter><\/defs><\/svg><\/div><\/div><\/div><div class=\"fusion-clearfix\"><\/div><\/div><\/div><div class=\"fusion-layout-column fusion_builder_column fusion-builder-column-1 fusion_builder_column_2_3 2_3 fusion-two-third fusion-column-last\" style=\"--awb-bg-size:cover;width:66.666666666667%;width:calc(66.666666666667% - ( ( 4% ) * 0.66666666666667 ) );\"><div class=\"fusion-column-wrapper fusion-flex-column-wrapper-legacy\"><div class=\"fusion-reading-box-container reading-box-container-1\" style=\"--awb-title-color:#333333;--awb-margin-top:0px;--awb-margin-bottom:84px;\"><div class=\"reading-box reading-box-center\" style=\"background-color:#f6f6f6;border-width:1px;border-color:#f6f6f6;border-left-width:3px;border-left-color:var(--primary_color);border-style:solid;\"><h2>Pide ya tu presupuesto sin compromiso<\/h2><div class=\"reading-box-description fusion-reading-box-additional\"> <\/div><div class=\"reading-box-additional\">\n<p style=\"text-align: center;\"><a class=\"fusion-button button-3d button-pill button-xlarge button-default button-1\" href=\"#\" target=\"_self\" data-toggle=\"modal\" data-target=\".fusion-modal.formulari\">\u00a1Haz click AQU\u00cd!<\/a><\/p>\n<\/div><div class=\"fusion-clearfix\"><\/div><\/div><svg style=\"opacity:0.7;\" xmlns=\"http:\/\/www.w3.org\/2000\/svg\" version=\"1.1\" width=\"100%\" viewBox=\"0 0 600 28\" preserveAspectRatio=\"none\"><g clip-path=\"url(#a)\"><mask id=\"b\" style=\"mask-type:luminance\" maskUnits=\"userSpaceOnUse\" x=\"0\" y=\"0\" width=\"600\" height=\"28\"><path d=\"M0 0h600v28H0V0Z\" fill=\"#fff\"\/><\/mask><g filter=\"url(#c)\" mask=\"url(#b)\"><path d=\"M16.439-18.667h567.123v30.8S438.961-8.4 300-8.4C161.04-8.4 16.438 12.133 16.438 12.133v-30.8Z\" fill=\"#000\"\/><\/g><\/g><defs><clipPath id=\"a\"><path fill=\"#fff\" d=\"M0 0h600v28H0z\"\/><\/clipPath><filter id=\"c\" x=\"5.438\" y=\"-29.667\" width=\"589.123\" height=\"52.8\" filterUnits=\"userSpaceOnUse\" color-interpolation-filters=\"sRGB\"><feFlood flood-opacity=\"0\" result=\"BackgroundImageFix\"\/><feBlend in=\"SourceGraphic\" in2=\"BackgroundImageFix\" result=\"shape\"\/><feGaussianBlur stdDeviation=\"5.5\" result=\"effect1_foregroundBlur_3983_183\"\/><\/filter><\/defs><\/svg><\/div><div class=\"accordian fusion-accordian\" style=\"--awb-border-size:1px;--awb-icon-size:16px;--awb-content-font-size:14px;--awb-icon-alignment:left;--awb-hover-color:#f9f9f9;--awb-border-color:#cccccc;--awb-background-color:#ffffff;--awb-divider-color:#e0dede;--awb-divider-hover-color:#e0dede;--awb-icon-color:var(--awb-color1);--awb-title-color:#333333;--awb-content-color:#747474;--awb-icon-box-color:#333333;--awb-toggle-hover-accent-color:#a0ce4e;--awb-title-font-family:&quot;Open Sans&quot;;--awb-title-font-weight:400;--awb-title-font-style:normal;--awb-content-font-family:&quot;Open Sans&quot;;--awb-content-font-style:normal;--awb-content-font-weight:400;\"><div class=\"panel-group fusion-toggle-icon-boxed\" id=\"accordion-147-1\"><div class=\"fusion-panel panel-default panel-81c865b81de93e9fb fusion-toggle-has-divider\"><div class=\"panel-heading\"><h4 class=\"panel-title toggle\" id=\"toggle_81c865b81de93e9fb\"><a class=\"active\" aria-expanded=\"true\" aria-controls=\"81c865b81de93e9fb\" role=\"button\" data-toggle=\"collapse\" data-parent=\"#accordion-147-1\" data-target=\"#81c865b81de93e9fb\" href=\"#81c865b81de93e9fb\"><span class=\"fusion-toggle-icon-wrapper\" aria-hidden=\"true\"><i class=\"fa-fusion-box active-icon awb-icon-minus\" aria-hidden=\"true\"><\/i><i class=\"fa-fusion-box inactive-icon awb-icon-plus\" aria-hidden=\"true\"><\/i><\/span><span class=\"fusion-toggle-heading\">Dise\u00f1o web<\/span><\/a><\/h4><\/div><div id=\"81c865b81de93e9fb\" class=\"panel-collapse collapse in\" aria-labelledby=\"toggle_81c865b81de93e9fb\"><div class=\"panel-body toggle-content fusion-clearfix\">        <\/p>\n<h3>Necesito un dise\u00f1o nuevo<\/h3>\n<p>Tanto si estamos hablando de tus primeros pasos en internet, como si hablamos de un proyecto avanzado, te proporcionaremos ideas y dise\u00f1o pensados para tu audiencia objetivo y para tu negocio. \u00a0<\/p>\n<h3>Ya tengo un dise\u00f1o pero me falta la tecnolog\u00eda<\/h3>\n<p>\u00bfdispones de un dise\u00f1o hecho internamente o con tu proveedor habitual, que entiende tus necesidades en cuanto al dise\u00f1o? No busques m\u00e1s. Podemos proporcionarle la tecnolog\u00eda y las capacidades para transformarlo en un proyecto web f\u00e1cil de mantener y con una buena visibilidad en los buscadores.<\/p>\n<h3>Necesito un redise\u00f1o<\/h3>\n<p>\u00bfHa llegado la hora de plantearse actualizar la p\u00e1gina web? Podemos poner al d\u00eda la web o hacer una completamente nueva, que encaje perfectamente con tus necesidades actuales.<\/p>\n<p>Y si est\u00e1s dudando sobre c\u00f3mo quieres verte en la web, disponemos de un extenso cat\u00e1logo de plantillas comerciales para p\u00e1ginas web corporativas para elegir. De esta manera puedes acelerar el proyecto y mantener los costos totales bajo control.<\/p>\n<\/div><\/div><\/div><div class=\"fusion-panel panel-default panel-eb7af0d27133ab6c8 fusion-toggle-has-divider\"><div class=\"panel-heading\"><h4 class=\"panel-title toggle\" id=\"toggle_eb7af0d27133ab6c8\"><a aria-expanded=\"false\" aria-controls=\"eb7af0d27133ab6c8\" role=\"button\" data-toggle=\"collapse\" data-parent=\"#accordion-147-1\" data-target=\"#eb7af0d27133ab6c8\" href=\"#eb7af0d27133ab6c8\"><span class=\"fusion-toggle-icon-wrapper\" aria-hidden=\"true\"><i class=\"fa-fusion-box active-icon awb-icon-minus\" aria-hidden=\"true\"><\/i><i class=\"fa-fusion-box inactive-icon awb-icon-plus\" aria-hidden=\"true\"><\/i><\/span><span class=\"fusion-toggle-heading\">Mobile friendly<\/span><\/a><\/h4><\/div><div id=\"eb7af0d27133ab6c8\" class=\"panel-collapse collapse \" aria-labelledby=\"toggle_eb7af0d27133ab6c8\"><div class=\"panel-body toggle-content fusion-clearfix\">        <\/p>\n<p>Si la gente acede a facebook y twitter por el m\u00f3vil, \u00bfqu\u00e9 te hace pensar que tu web no?<\/p>\n<p>Hay muchas razones que hacen que para dar una buena imagen, tengas que pensar en las personas que acceder\u00e1n a la web desde un m\u00f3vil.<\/p>\n<ul>\n<li><span style=\"line-height: 1.3em;\">Buscan tus datos de contacto viniendo a visitarte, y, como no tienen el ordenador a mano, lo hacen desde el smartphone.<\/span><\/li>\n<li><span style=\"line-height: 1.3em;\">Est\u00e1n en Facebook o Twitter y han hecho clic en un enlace que alguien ha compartido.<\/span><\/li>\n<li><span style=\"line-height: 1.3em;\">Est\u00e1n leyendo un correo que les has enviado desde el iPad, y pulsan en el enlace a la web que hay en la firma.<\/span><\/li>\n<\/ul>\n<p>Nosotros te plantearemos la adaptaci\u00f3n por el m\u00f3vil que mejor se adapte a tu caso particular:<\/p>\n<ul>\n<li><span style=\"line-height: 1.3em;\">Haremos una versi\u00f3n de la web espec\u00edfica para el m\u00f3vil<\/span><\/li>\n<li><span style=\"line-height: 1.3em;\">Haremos una web que se adapte a los diferentes tama\u00f1os de pantalla (smartphone &#8211; tablet &#8211; ordenador)<\/span><\/li>\n<\/ul>\n<p>No hay una soluci\u00f3n superior al otro. Analizaremos tus necesidades y te plantearemos la soluci\u00f3n m\u00e1s conveniente.<\/p>\n<\/div><\/div><\/div><div class=\"fusion-panel panel-default panel-2447b1a06a930134e fusion-toggle-has-divider\"><div class=\"panel-heading\"><h4 class=\"panel-title toggle\" id=\"toggle_2447b1a06a930134e\"><a aria-expanded=\"false\" aria-controls=\"2447b1a06a930134e\" role=\"button\" data-toggle=\"collapse\" data-parent=\"#accordion-147-1\" data-target=\"#2447b1a06a930134e\" href=\"#2447b1a06a930134e\"><span class=\"fusion-toggle-icon-wrapper\" aria-hidden=\"true\"><i class=\"fa-fusion-box active-icon awb-icon-minus\" aria-hidden=\"true\"><\/i><i class=\"fa-fusion-box inactive-icon awb-icon-plus\" aria-hidden=\"true\"><\/i><\/span><span class=\"fusion-toggle-heading\">Pensando en los buscadores<\/span><\/a><\/h4><\/div><div id=\"2447b1a06a930134e\" class=\"panel-collapse collapse \" aria-labelledby=\"toggle_2447b1a06a930134e\"><div class=\"panel-body toggle-content fusion-clearfix\">          <\/p>\n<p>Tu web tiene dos grupos de visitantes: personas y robots. No hay que olvidarse de ninguno. Para gustar a las personas, tus contenidos tienen que ser interesantes. Pero los robots (de los buscadores) son como los analistas burs\u00e1tiles.<\/p>\n<p>En el fondo no entienden nada de lo que dice, pero las conclusiones que saquen de su web har\u00e1n que reciba o no muchas visitas del primer grupo, el de las personas.<\/p>\n<p>Tu web necesita agradar a estos buscadores y, por ello, les tiene que convencer de que tu web es un buen punto de informaci\u00f3n para b\u00fasquedas muy populares.<\/p>\n<p>Y eso no se improvisa. Requiere una tarea de planificaci\u00f3n (ning\u00fan proyecto tiene \u00e9xito sin acertar en la fase inicial de planificaci\u00f3n), y una ejecuci\u00f3n de mejora constante tanto en la estructura del contenido como del propio contenido.<\/p>\n<\/div><\/div><\/div><div class=\"fusion-panel panel-default panel-5d6038b307d9e4f88 fusion-toggle-has-divider\"><div class=\"panel-heading\"><h4 class=\"panel-title toggle\" id=\"toggle_5d6038b307d9e4f88\"><a aria-expanded=\"false\" aria-controls=\"5d6038b307d9e4f88\" role=\"button\" data-toggle=\"collapse\" data-parent=\"#accordion-147-1\" data-target=\"#5d6038b307d9e4f88\" href=\"#5d6038b307d9e4f88\"><span class=\"fusion-toggle-icon-wrapper\" aria-hidden=\"true\"><i class=\"fa-fusion-box active-icon awb-icon-minus\" aria-hidden=\"true\"><\/i><i class=\"fa-fusion-box inactive-icon awb-icon-plus\" aria-hidden=\"true\"><\/i><\/span><span class=\"fusion-toggle-heading\">Posicionamiento<\/span><\/a><\/h4><\/div><div id=\"5d6038b307d9e4f88\" class=\"panel-collapse collapse \" aria-labelledby=\"toggle_5d6038b307d9e4f88\"><div class=\"panel-body toggle-content fusion-clearfix\">\n<p>Tens clar amb qu\u00e8 us pot ajudar una bona web?<\/p>\n<p>Per\u00f2 aquesta web no servir\u00e0 de res sense visitants, i ells no vindran sols, us diguin el que us diguin.<\/p>\n<p>S&#8217;han de fer accions constants de promoci\u00f3. En aix\u00f2, internet no \u00e9s una excepci\u00f3.<\/p>\n<p><span style=\"line-height: 1.3em;\">Per aix\u00f2 et convidem a con\u00e8ixer les nostres propostes per a augmentar el tr\u00e0fic cap al vostre lloc.<\/span><\/p>\n<div class=\"fusion-aligncenter\"><a class=\"fusion-button button-flat button-xlarge button-default fusion-button-default button-1 fusion-button-default-span fusion-button-default-type\" target=\"_self\" href=\"\/es\/marketing-digital\/\"><span class=\"fusion-button-text awb-button__text awb-button__text--default\">Leer m\u00e1s&#8230;<\/span><\/a><\/div><\/div><\/div><\/div><\/div><\/div><div class=\"fusion-modal modal fade modal-1 formulari\" tabindex=\"-1\" role=\"dialog\" aria-labelledby=\"modal-heading-1\" aria-hidden=\"true\" style=\"--awb-border-color:#ebebeb;--awb-background:#f6f6f6;\"><div class=\"modal-dialog modal-lg\" role=\"document\"><div class=\"modal-content fusion-modal-content\"><div class=\"modal-header\"><button class=\"close\" type=\"button\" data-dismiss=\"modal\" aria-hidden=\"true\" aria-label=\"Close\">&times;<\/button><h3 class=\"modal-title\" id=\"modal-heading-1\" data-dismiss=\"modal\" aria-hidden=\"true\">Formulario de contacto<\/h3><\/div><div class=\"modal-body fusion-clearfix\"><div class=\"fusion-builder-row fusion-builder-row-inner fusion-row\"><div class=\"fusion-layout-column fusion_builder_column_inner fusion-builder-nested-column-0 fusion_builder_column_inner_1_2 1_2 fusion-one-half fusion-column-first\" style=\"--awb-bg-size:cover;width:50%;width:calc(50% - ( ( 4% ) * 0.5 ) );margin-right: 4%;\"><div class=\"fusion-column-wrapper fusion-flex-column-wrapper-legacy\"><div class=\"fusion-text fusion-text-1\"><p><div class=\"fusion-text fusion-text-1\"><\/div>\n<div class=\"wpcf7 no-js\" id=\"wpcf7-f4-o1\" lang=\"ca\" dir=\"ltr\" data-wpcf7-id=\"4\">\n<div class=\"screen-reader-response\"><p role=\"status\" aria-live=\"polite\" aria-atomic=\"true\"><\/p> <ul><\/ul><\/div>\n<form action=\"\/es\/wp-json\/wp\/v2\/pages\/147#wpcf7-f4-o1\" method=\"post\" class=\"wpcf7-form init\" aria-label=\"Formulari de contacte\" novalidate=\"novalidate\" data-status=\"init\">\n<fieldset class=\"hidden-fields-container\"><input type=\"hidden\" name=\"_wpcf7\" value=\"4\" \/><input type=\"hidden\" name=\"_wpcf7_version\" value=\"6.1.5\" \/><input type=\"hidden\" name=\"_wpcf7_locale\" value=\"ca\" \/><input type=\"hidden\" name=\"_wpcf7_unit_tag\" value=\"wpcf7-f4-o1\" \/><input type=\"hidden\" name=\"_wpcf7_container_post\" value=\"0\" \/><input type=\"hidden\" name=\"_wpcf7_posted_data_hash\" value=\"\" \/><input type=\"hidden\" name=\"_wpcf7_recaptcha_response\" value=\"\" \/>\n<\/fieldset>\n<p><label>Nom (*)<br \/>\n<span class=\"wpcf7-form-control-wrap\" data-name=\"your-name\"><input size=\"40\" maxlength=\"400\" class=\"wpcf7-form-control wpcf7-text wpcf7-validates-as-required\" aria-required=\"true\" aria-invalid=\"false\" value=\"\" type=\"text\" name=\"your-name\" \/><\/span> <\/label>\n<\/p>\n<p><label>Tel\u00e8fon<br \/>\n<span class=\"wpcf7-form-control-wrap\" data-name=\"your-telefon\"><input size=\"40\" maxlength=\"400\" class=\"wpcf7-form-control wpcf7-text\" aria-invalid=\"false\" value=\"\" type=\"text\" name=\"your-telefon\" \/><\/span> <\/label>\n<\/p>\n<p><label>E-mail (*)<br \/>\n<span class=\"wpcf7-form-control-wrap\" data-name=\"your-email\"><input size=\"40\" maxlength=\"400\" class=\"wpcf7-form-control wpcf7-email wpcf7-validates-as-required wpcf7-text wpcf7-validates-as-email\" aria-required=\"true\" aria-invalid=\"false\" value=\"\" type=\"email\" name=\"your-email\" \/><\/span> <\/label>\n<\/p>\n<p><label>Assumpte<br \/>\n<span class=\"wpcf7-form-control-wrap\" data-name=\"your-subject\"><input size=\"40\" maxlength=\"400\" class=\"wpcf7-form-control wpcf7-text\" aria-invalid=\"false\" value=\"\" type=\"text\" name=\"your-subject\" \/><\/span> <\/label>\n<\/p>\n<p><label>El teu missatge<br \/>\n<span class=\"wpcf7-form-control-wrap\" data-name=\"your-message\"><textarea cols=\"40\" rows=\"10\" maxlength=\"2000\" class=\"wpcf7-form-control wpcf7-textarea\" aria-invalid=\"false\" name=\"your-message\"><\/textarea><\/span> <\/label>\n<\/p>\n<p><input class=\"wpcf7-form-control wpcf7-submit has-spinner\" type=\"submit\" value=\"Enviar\" \/>\n<\/p><div class=\"fusion-alert alert custom alert-custom fusion-alert-center wpcf7-response-output awb-alert-native-link-color alert-dismissable awb-alert-close-boxed\" style=\"--awb-border-size:1px;--awb-border-top-left-radius:0px;--awb-border-top-right-radius:0px;--awb-border-bottom-left-radius:0px;--awb-border-bottom-right-radius:0px;\" role=\"alert\"><div class=\"fusion-alert-content-wrapper\"><span class=\"fusion-alert-content\"><\/span><\/div><button type=\"button\" class=\"close toggle-alert\" data-dismiss=\"alert\" aria-label=\"Close\">&times;<\/button><\/div>\n<\/form>\n<\/div>\n<\/p>\n<\/div><div class=\"fusion-clearfix\"><\/div><\/div><\/div><div class=\"fusion-layout-column fusion_builder_column_inner fusion-builder-nested-column-1 fusion_builder_column_inner_1_2 1_2 fusion-one-half fusion-column-last\" style=\"--awb-bg-size:cover;width:50%;width:calc(50% - ( ( 4% ) * 0.5 ) );\"><div class=\"fusion-column-wrapper fusion-flex-column-wrapper-legacy\"><div class=\"fusion-text fusion-text-3\"><p>En acompliment de la llei org\u00e0nica 15\/1999 de 13 de desembre, de protecci\u00f3 de dades personales, t&#8217;informem que les dades que deixis en el formulari estan emmagatzemades en un fitxer inscrit a l&#8217;ag\u00e8ncia espanyola de protecci\u00f3 de dades.<\/p>\n<p>Podr\u00e0s fer \u00fas dels teus drets adre\u00e7ant-te a <a href=\"mailto:info@aloewebs.com\">info@aloewebs.com<\/a>.<\/p>\n<p>Tanmateix, t&#8217;informem que en enviar el formulari de petici\u00f3 de contacte, ens est\u00e0s autoritzant a que ens adrecem per medis electr\u00f2nics per informar-te de les nostres propostes comercials. Podr\u00e0s revocar aquesta autoritzaci\u00f3 en tot moment enviant un correu electr\u00f2nic amb aquesta petici\u00f3 a <a href=\"mailto:info@aloewebs.com\">info@aloewebs.com<\/a>.<div class=\"fusion-text fusion-text-3\"><\/div><\/p>\n<\/div> [\/fusion_text]\n<div class=\"fusion-clearfix\"><\/div><\/div><\/div><\/div><\/div><\/div><\/div><\/div><div class=\"fusion-clearfix\"><\/div><\/div><\/div><\/div><\/div>\n","protected":false},"excerpt":{"rendered":"","protected":false},"author":1,"featured_media":0,"parent":0,"menu_order":0,"comment_status":"closed","ping_status":"closed","template":"","meta":{"_acf_changed":false,"footnotes":""},"class_list":["post-147","page","type-page","status-publish","hentry"],"acf":[],"_links":{"self":[{"href":"https:\/\/www.aloewebs.cat\/es\/wp-json\/wp\/v2\/pages\/147","targetHints":{"allow":["GET"]}}],"collection":[{"href":"https:\/\/www.aloewebs.cat\/es\/wp-json\/wp\/v2\/pages"}],"about":[{"href":"https:\/\/www.aloewebs.cat\/es\/wp-json\/wp\/v2\/types\/page"}],"author":[{"embeddable":true,"href":"https:\/\/www.aloewebs.cat\/es\/wp-json\/wp\/v2\/users\/1"}],"replies":[{"embeddable":true,"href":"https:\/\/www.aloewebs.cat\/es\/wp-json\/wp\/v2\/comments?post=147"}],"version-history":[{"count":20,"href":"https:\/\/www.aloewebs.cat\/es\/wp-json\/wp\/v2\/pages\/147\/revisions"}],"predecessor-version":[{"id":281,"href":"https:\/\/www.aloewebs.cat\/es\/wp-json\/wp\/v2\/pages\/147\/revisions\/281"}],"wp:attachment":[{"href":"https:\/\/www.aloewebs.cat\/es\/wp-json\/wp\/v2\/media?parent=147"}],"curies":[{"name":"wp","href":"https:\/\/api.w.org\/{rel}","templated":true}]}}