{"id":160,"date":"2017-04-23T19:37:29","date_gmt":"2017-04-23T19:37:29","guid":{"rendered":"http:\/\/www.aloewebs.cat\/mantenimiento"},"modified":"2017-04-23T22:42:54","modified_gmt":"2017-04-23T22:42:54","slug":"mantenimiento","status":"publish","type":"page","link":"https:\/\/www.aloewebs.cat\/es\/mantenimiento","title":{"rendered":"Mantenimiento"},"content":{"rendered":"<div class=\"fusion-fullwidth fullwidth-box fusion-builder-row-1 nonhundred-percent-fullwidth non-hundred-percent-height-scrolling\" style=\"--awb-border-radius-top-left:0px;--awb-border-radius-top-right:0px;--awb-border-radius-bottom-right:0px;--awb-border-radius-bottom-left:0px;--awb-padding-top:20px;--awb-padding-bottom:20px;--awb-flex-wrap:wrap;\" ><div class=\"fusion-builder-row fusion-row\"><div class=\"fusion-layout-column fusion_builder_column fusion-builder-column-0 fusion_builder_column_1_3 1_3 fusion-one-third fusion-column-first\" style=\"--awb-bg-size:cover;width:33.333333333333%;width:calc(33.333333333333% - ( ( 4% ) * 0.33333333333333 ) );margin-right: 4%;\"><div class=\"fusion-column-wrapper fusion-flex-column-wrapper-legacy\"><div class=\"fusion-image-element fusion-image-align-center in-legacy-container\" style=\"text-align:center;--awb-bottom-shadow-color:rgba(0,0,0,0.4);--awb-caption-title-font-family:var(--h2_typography-font-family);--awb-caption-title-font-weight:var(--h2_typography-font-weight);--awb-caption-title-font-style:var(--h2_typography-font-style);--awb-caption-title-size:var(--h2_typography-font-size);--awb-caption-title-transform:var(--h2_typography-text-transform);--awb-caption-title-line-height:var(--h2_typography-line-height);--awb-caption-title-letter-spacing:var(--h2_typography-letter-spacing);\"><div class=\"imageframe-align-center\"><div class=\"awb-image-frame awb-image-frame-1 awb-bottomshadow\"><span class=\" fusion-imageframe imageframe-bottomshadow imageframe-1 hover-type-zoomin\"><picture><source srcset=\"https:\/\/www.aloewebs.cat\/wp-content\/webp-express\/webp-images\/uploads\/2017\/04\/manteniment-200x232.jpg.webp 200w, https:\/\/www.aloewebs.cat\/wp-content\/webp-express\/webp-images\/uploads\/2017\/04\/manteniment-400x465.jpg.webp 400w, https:\/\/www.aloewebs.cat\/wp-content\/webp-express\/webp-images\/uploads\/2017\/04\/manteniment-600x697.jpg.webp 600w, https:\/\/www.aloewebs.cat\/wp-content\/webp-express\/webp-images\/uploads\/2017\/04\/manteniment.jpg.webp 768w\" sizes=\"(max-width: 800px) 100vw, 400px\" type=\"image\/webp\"><img decoding=\"async\" width=\"768\" height=\"892\" title=\"usabilitat i analitica web a barcelona\" src=\"http:\/\/www.aloewebs.cat\/wp-content\/uploads\/2017\/04\/manteniment.jpg\" alt=\"\" class=\"img-responsive wp-image-261 webpexpress-processed\" srcset=\"https:\/\/www.aloewebs.cat\/wp-content\/uploads\/2017\/04\/manteniment-200x232.jpg 200w, https:\/\/www.aloewebs.cat\/wp-content\/uploads\/2017\/04\/manteniment-400x465.jpg 400w, https:\/\/www.aloewebs.cat\/wp-content\/uploads\/2017\/04\/manteniment-600x697.jpg 600w, https:\/\/www.aloewebs.cat\/wp-content\/uploads\/2017\/04\/manteniment.jpg 768w\" sizes=\"(max-width: 800px) 100vw, 400px\"><\/picture><\/span><svg xmlns=\"http:\/\/www.w3.org\/2000\/svg\" version=\"1.1\" width=\"100%\" viewBox=\"0 0 600 28\" preserveAspectRatio=\"none\"><g clip-path=\"url(#a)\"><mask id=\"b\" style=\"mask-type:luminance\" maskUnits=\"userSpaceOnUse\" x=\"0\" y=\"0\" width=\"600\" height=\"28\"><path d=\"M0 0h600v28H0V0Z\" fill=\"#fff\"\/><\/mask><g filter=\"url(#c)\" mask=\"url(#b)\"><path d=\"M16.439-18.667h567.123v30.8S438.961-8.4 300-8.4C161.04-8.4 16.438 12.133 16.438 12.133v-30.8Z\" fill=\"#000\"\/><\/g><\/g><defs><clipPath id=\"a\"><path fill=\"#fff\" d=\"M0 0h600v28H0z\"\/><\/clipPath><filter id=\"c\" x=\"5.438\" y=\"-29.667\" width=\"589.123\" height=\"52.8\" filterUnits=\"userSpaceOnUse\" color-interpolation-filters=\"sRGB\"><feFlood flood-opacity=\"0\" result=\"BackgroundImageFix\"\/><feBlend in=\"SourceGraphic\" in2=\"BackgroundImageFix\" result=\"shape\"\/><feGaussianBlur stdDeviation=\"5.5\" result=\"effect1_foregroundBlur_3983_183\"\/><\/filter><\/defs><\/svg><\/div><\/div><\/div><div class=\"fusion-clearfix\"><\/div><\/div><\/div><div class=\"fusion-layout-column fusion_builder_column fusion-builder-column-1 fusion_builder_column_2_3 2_3 fusion-two-third fusion-column-last\" style=\"--awb-bg-size:cover;width:66.666666666667%;width:calc(66.666666666667% - ( ( 4% ) * 0.66666666666667 ) );\"><div class=\"fusion-column-wrapper fusion-flex-column-wrapper-legacy\"><div class=\"fusion-reading-box-container reading-box-container-1\" style=\"--awb-title-color:#333333;--awb-margin-top:0px;--awb-margin-bottom:84px;\"><div class=\"reading-box reading-box-center\" style=\"background-color:#f6f6f6;border-width:1px;border-color:#f6f6f6;border-left-width:3px;border-left-color:var(--primary_color);border-style:solid;\"><h2>Pide ya tu presupuesto sin compromiso<\/h2><div class=\"reading-box-description fusion-reading-box-additional\"> <\/div><div class=\"reading-box-additional\">\n<p style=\"text-align: center;\"><a class=\"fusion-button button-3d button-pill button-xlarge button-default button-1\" href=\"#\" target=\"_self\" data-toggle=\"modal\" data-target=\".fusion-modal.formulari\">\u00a1Haz click AQU\u00cd!<\/a><\/p>\n<\/div><div class=\"fusion-clearfix\"><\/div><\/div><svg style=\"opacity:0.7;\" xmlns=\"http:\/\/www.w3.org\/2000\/svg\" version=\"1.1\" width=\"100%\" viewBox=\"0 0 600 28\" preserveAspectRatio=\"none\"><g clip-path=\"url(#a)\"><mask id=\"b\" style=\"mask-type:luminance\" maskUnits=\"userSpaceOnUse\" x=\"0\" y=\"0\" width=\"600\" height=\"28\"><path d=\"M0 0h600v28H0V0Z\" fill=\"#fff\"\/><\/mask><g filter=\"url(#c)\" mask=\"url(#b)\"><path d=\"M16.439-18.667h567.123v30.8S438.961-8.4 300-8.4C161.04-8.4 16.438 12.133 16.438 12.133v-30.8Z\" fill=\"#000\"\/><\/g><\/g><defs><clipPath id=\"a\"><path fill=\"#fff\" d=\"M0 0h600v28H0z\"\/><\/clipPath><filter id=\"c\" x=\"5.438\" y=\"-29.667\" width=\"589.123\" height=\"52.8\" filterUnits=\"userSpaceOnUse\" color-interpolation-filters=\"sRGB\"><feFlood flood-opacity=\"0\" result=\"BackgroundImageFix\"\/><feBlend in=\"SourceGraphic\" in2=\"BackgroundImageFix\" result=\"shape\"\/><feGaussianBlur stdDeviation=\"5.5\" result=\"effect1_foregroundBlur_3983_183\"\/><\/filter><\/defs><\/svg><\/div><div class=\"accordian fusion-accordian\" style=\"--awb-border-size:1px;--awb-icon-size:16px;--awb-content-font-size:14px;--awb-icon-alignment:left;--awb-hover-color:#f9f9f9;--awb-border-color:#cccccc;--awb-background-color:#ffffff;--awb-divider-color:#e0dede;--awb-divider-hover-color:#e0dede;--awb-icon-color:var(--awb-color1);--awb-title-color:#333333;--awb-content-color:#747474;--awb-icon-box-color:#333333;--awb-toggle-hover-accent-color:#a0ce4e;--awb-title-font-family:&quot;Open Sans&quot;;--awb-title-font-weight:400;--awb-title-font-style:normal;--awb-content-font-family:&quot;Open Sans&quot;;--awb-content-font-style:normal;--awb-content-font-weight:400;\"><div class=\"panel-group fusion-toggle-icon-boxed\" id=\"accordion-160-1\"><div class=\"fusion-panel panel-default panel-e8e03f2ac43812133 fusion-toggle-has-divider\"><div class=\"panel-heading\"><h4 class=\"panel-title toggle\" id=\"toggle_e8e03f2ac43812133\"><a class=\"active\" aria-expanded=\"true\" aria-controls=\"e8e03f2ac43812133\" role=\"button\" data-toggle=\"collapse\" data-parent=\"#accordion-160-1\" data-target=\"#e8e03f2ac43812133\" href=\"#e8e03f2ac43812133\"><span class=\"fusion-toggle-icon-wrapper\" aria-hidden=\"true\"><i class=\"fa-fusion-box active-icon awb-icon-minus\" aria-hidden=\"true\"><\/i><i class=\"fa-fusion-box inactive-icon awb-icon-plus\" aria-hidden=\"true\"><\/i><\/span><span class=\"fusion-toggle-heading\">Mantenimiento<\/span><\/a><\/h4><\/div><div id=\"e8e03f2ac43812133\" class=\"panel-collapse collapse in\" aria-labelledby=\"toggle_e8e03f2ac43812133\"><div class=\"panel-body toggle-content fusion-clearfix\">       <\/p>\n<p>Despu\u00e9s de publicar tu web \/ tienda online, el siguiente paso es asegurarse de que \u00e9sta cumple los objetivos para los que ha sido creada: ventas, captaci\u00f3n de leads comerciales, servicio a clientes, &#8230;<\/p>\n<p>Nuestra propuesta es externalizar las tareas que exijan conocimientos del entorno internet, y hacer en la propia empresa los procesos principales del negocio: generaci\u00f3n de contenidos, gesti\u00f3n del cat\u00e1logo, clientes y pedidos.<\/p>\n<p>Hemos comprobado que las empresas que quieren asumir internamente TODAS las tareas, a menos que las haga alguien dedicado 100% a la web son desplazadas por el d\u00eda a d\u00eda y terminan no haci\u00e9ndose, lo que perjudica los resultados del proyecto web.<\/p>\n<\/div><\/div><\/div><div class=\"fusion-panel panel-default panel-28b0f37449301b87f fusion-toggle-has-divider\"><div class=\"panel-heading\"><h4 class=\"panel-title toggle\" id=\"toggle_28b0f37449301b87f\"><a aria-expanded=\"false\" aria-controls=\"28b0f37449301b87f\" role=\"button\" data-toggle=\"collapse\" data-parent=\"#accordion-160-1\" data-target=\"#28b0f37449301b87f\" href=\"#28b0f37449301b87f\"><span class=\"fusion-toggle-icon-wrapper\" aria-hidden=\"true\"><i class=\"fa-fusion-box active-icon awb-icon-minus\" aria-hidden=\"true\"><\/i><i class=\"fa-fusion-box inactive-icon awb-icon-plus\" aria-hidden=\"true\"><\/i><\/span><span class=\"fusion-toggle-heading\">Contenidos<\/span><\/a><\/h4><\/div><div id=\"28b0f37449301b87f\" class=\"panel-collapse collapse \" aria-labelledby=\"toggle_28b0f37449301b87f\"><div class=\"panel-body toggle-content fusion-clearfix\">       <\/p>\n<p>Hay que tener una estrategia de actualizaci\u00f3n de contenidos para evitar que la web se vea obsoleta en poco tiempo.<\/p>\n<p>Las p\u00e1ginas web y las tiendas online que entregamos son autogestionables, es decir, cualquier persona sin conocimientos de programaci\u00f3n web puede mantenerlas al d\u00eda.<\/p>\n<p>Ahora bien, te puede interesar disponer de un servicio de mantenimiento de contenidos:<\/p>\n<ul>\n<li><span style=\"line-height: 1.3em;\">A partir de tu texto, nosotros lo transformaremos en un texto que trabaje por el posicionamiento, con la densidad de palabras clave apropiadas.<\/span><\/li>\n<li><span style=\"line-height: 1.3em;\">En internet, la seguridad es fundamental. Nosotros iremos actualizando la plataforma y los componentes con las mejoras que se vayan publicando.<\/span><\/li>\n<li><span style=\"line-height: 1.3em;\">Nuestros desarrollos pueden crecer y a\u00f1adir nuevas funcionalidades con poco esfuerzo.<\/span><\/li>\n<\/ul>\n<\/div><\/div><\/div><div class=\"fusion-panel panel-default panel-ab4e14f3bcd5677b5 fusion-toggle-has-divider\"><div class=\"panel-heading\"><h4 class=\"panel-title toggle\" id=\"toggle_ab4e14f3bcd5677b5\"><a aria-expanded=\"false\" aria-controls=\"ab4e14f3bcd5677b5\" role=\"button\" data-toggle=\"collapse\" data-parent=\"#accordion-160-1\" data-target=\"#ab4e14f3bcd5677b5\" href=\"#ab4e14f3bcd5677b5\"><span class=\"fusion-toggle-icon-wrapper\" aria-hidden=\"true\"><i class=\"fa-fusion-box active-icon awb-icon-minus\" aria-hidden=\"true\"><\/i><i class=\"fa-fusion-box inactive-icon awb-icon-plus\" aria-hidden=\"true\"><\/i><\/span><span class=\"fusion-toggle-heading\">Usabilidad<\/span><\/a><\/h4><\/div><div id=\"ab4e14f3bcd5677b5\" class=\"panel-collapse collapse \" aria-labelledby=\"toggle_ab4e14f3bcd5677b5\"><div class=\"panel-body toggle-content fusion-clearfix\">        <\/p>\n<p>\u00bfQuieres que la gente interaccione con tu web, verdad?. La usabilidad es un atributo de calidad que mide cu\u00e1n f\u00e1cil de usar es una interfaz web.<\/p>\n<p>Ninguna web o tienda online, por espectacular que sea, vale nada si al final no consigue su objetivo: que los visitantes la usen.<\/p>\n<p>Por ello, conviene analizar continuamente si los visitantes interaccionan como se pensaba en las diferentes pantallas: botones de compra, formularios de contacto, visitas guiadas, etc.<\/p>\n<p>S\u00f3lo con este an\u00e1lisis de usabilidad podemos monitorizar si cada p\u00e1gina web es adecuada a sus objetivos, midiendo c\u00f3mo han interactuado los visitantes reales, con sus dispositivos reales y sus tama\u00f1os de pantalla.<\/p>\n<p>De este an\u00e1lisis surgen conclusiones y recomendaciones para cambiar contenidos con nuestro servicio de mantenimiento de contenidos.<\/p>\n<\/div><\/div><\/div><div class=\"fusion-panel panel-default panel-f88cf99bcf4edd248 fusion-toggle-has-divider\"><div class=\"panel-heading\"><h4 class=\"panel-title toggle\" id=\"toggle_f88cf99bcf4edd248\"><a aria-expanded=\"false\" aria-controls=\"f88cf99bcf4edd248\" role=\"button\" data-toggle=\"collapse\" data-parent=\"#accordion-160-1\" data-target=\"#f88cf99bcf4edd248\" href=\"#f88cf99bcf4edd248\"><span class=\"fusion-toggle-icon-wrapper\" aria-hidden=\"true\"><i class=\"fa-fusion-box active-icon awb-icon-minus\" aria-hidden=\"true\"><\/i><i class=\"fa-fusion-box inactive-icon awb-icon-plus\" aria-hidden=\"true\"><\/i><\/span><span class=\"fusion-toggle-heading\">Anal\u00edtica<\/span><\/a><\/h4><\/div><div id=\"f88cf99bcf4edd248\" class=\"panel-collapse collapse \" aria-labelledby=\"toggle_f88cf99bcf4edd248\"><div class=\"panel-body toggle-content fusion-clearfix\">\n<p>Servicio imprescindible para entender qu\u00e9 funciona y qu\u00e9 no con sus visitantes, y se basa en analizar las interacciones que hacen para poder tomar decisiones basadas en datos, en lugar de percepciones.<\/p>\n<p>Ninguna p\u00e1gina web o tienda online deber\u00eda estar visible sin que sus propietarios inviertan recursos, internos o subcontratados, en realizar estos an\u00e1lisis, ya que corregir las partes del proyecto web que provocan abandonos en los visitantes llevar\u00e1 a multiplicar su rentabilidad.<\/p>\n<p>Ofrecemos este servicio a aquellos clientes que son conscientes de su utilidad, pero que prefieren centrarse en los aspectos b\u00e1sicos de su negocio y externalizar tareas que no est\u00e9n directamente relacionadas a empresas que dispongan de t\u00e9cnicos especializados.<\/p>\n<p>Dentro de estos an\u00e1lisis:<\/p>\n<ul>\n<li><span style=\"line-height: 1.3em;\">P\u00e1ginas con demasiado poco tiempo medio de visitas.<\/span><\/li>\n<li><span style=\"line-height: 1.3em;\">P\u00e1ginas con porcentajes de salida (bounce rate) demasiado grandes<\/span><\/li>\n<li><span style=\"line-height: 1.3em;\">Propuestas de cambios de contenidos a partir del an\u00e1lisis de t\u00e9rminos de b\u00fasqueda del sector (no s\u00f3lo de la propia web).<\/span><\/li>\n<li><span style=\"line-height: 1.3em;\">Estudio peri\u00f3dico de posici\u00f3n en los buscadores.<\/span><\/li>\n<li><span style=\"line-height: 1.3em;\">Embudos de conversi\u00f3n. \u00bfD\u00f3nde y por qu\u00e9 abandonan los visitantes?<\/span><\/li>\n<li><span style=\"line-height: 1.3em;\">An\u00e1lisis de las interacciones. \u00bfLlegan hasta el final de la p\u00e1gina?<\/span><\/li>\n<li><span style=\"line-height: 1.3em;\">An\u00e1lisis de las b\u00fasquedas internas. \u00bfencuentran lo que est\u00e1n buscando?<\/span><\/li>\n<\/ul>\n<\/div><\/div><\/div><\/div><\/div><div class=\"fusion-modal modal fade modal-1 formulari\" tabindex=\"-1\" role=\"dialog\" aria-labelledby=\"modal-heading-1\" aria-hidden=\"true\" style=\"--awb-border-color:#ebebeb;--awb-background:#f6f6f6;\"><div class=\"modal-dialog modal-lg\" role=\"document\"><div class=\"modal-content fusion-modal-content\"><div class=\"modal-header\"><button class=\"close\" type=\"button\" data-dismiss=\"modal\" aria-hidden=\"true\" aria-label=\"Close\">&times;<\/button><h3 class=\"modal-title\" id=\"modal-heading-1\" data-dismiss=\"modal\" aria-hidden=\"true\">Formulario de contacto<\/h3><\/div><div class=\"modal-body fusion-clearfix\"><div class=\"fusion-builder-row fusion-builder-row-inner fusion-row\"><div class=\"fusion-layout-column fusion_builder_column_inner fusion-builder-nested-column-0 fusion_builder_column_inner_1_2 1_2 fusion-one-half fusion-column-first\" style=\"--awb-bg-size:cover;width:50%;width:calc(50% - ( ( 4% ) * 0.5 ) );margin-right: 4%;\"><div class=\"fusion-column-wrapper fusion-flex-column-wrapper-legacy\"><div class=\"fusion-text fusion-text-1\">\n<div class=\"wpcf7 no-js\" id=\"wpcf7-f121-o1\" lang=\"\" dir=\"ltr\" data-wpcf7-id=\"121\">\n<div class=\"screen-reader-response\"><p role=\"status\" aria-live=\"polite\" aria-atomic=\"true\"><\/p> <ul><\/ul><\/div>\n<form action=\"\/es\/wp-json\/wp\/v2\/pages\/160#wpcf7-f121-o1\" method=\"post\" class=\"wpcf7-form init\" aria-label=\"Formulario de contacto\" novalidate=\"novalidate\" data-status=\"init\">\n<fieldset class=\"hidden-fields-container\"><input type=\"hidden\" name=\"_wpcf7\" value=\"121\" \/><input type=\"hidden\" name=\"_wpcf7_version\" value=\"6.1.5\" \/><input type=\"hidden\" name=\"_wpcf7_locale\" value=\"\" \/><input type=\"hidden\" name=\"_wpcf7_unit_tag\" value=\"wpcf7-f121-o1\" \/><input type=\"hidden\" name=\"_wpcf7_container_post\" value=\"0\" \/><input type=\"hidden\" name=\"_wpcf7_posted_data_hash\" value=\"\" \/><input type=\"hidden\" name=\"_wpcf7_recaptcha_response\" value=\"\" \/>\n<\/fieldset>\n<p><label>Nombre (*)<br \/>\n<span class=\"wpcf7-form-control-wrap\" data-name=\"your-name\"><input size=\"40\" maxlength=\"400\" class=\"wpcf7-form-control wpcf7-text wpcf7-validates-as-required\" aria-required=\"true\" aria-invalid=\"false\" value=\"\" type=\"text\" name=\"your-name\" \/><\/span> <\/label>\n<\/p>\n<p><label>Tel\u00e9fono<br \/>\n<span class=\"wpcf7-form-control-wrap\" data-name=\"your-telefon\"><input size=\"40\" maxlength=\"400\" class=\"wpcf7-form-control wpcf7-text\" aria-invalid=\"false\" value=\"\" type=\"text\" name=\"your-telefon\" \/><\/span> <\/label>\n<\/p>\n<p><label>E-mail (*)<br \/>\n<span class=\"wpcf7-form-control-wrap\" data-name=\"your-email\"><input size=\"40\" maxlength=\"400\" class=\"wpcf7-form-control wpcf7-email wpcf7-validates-as-required wpcf7-text wpcf7-validates-as-email\" aria-required=\"true\" aria-invalid=\"false\" value=\"\" type=\"email\" name=\"your-email\" \/><\/span> <\/label>\n<\/p>\n<p><label>Asunto<br \/>\n<span class=\"wpcf7-form-control-wrap\" data-name=\"your-subject\"><input size=\"40\" maxlength=\"400\" class=\"wpcf7-form-control wpcf7-text\" aria-invalid=\"false\" value=\"\" type=\"text\" name=\"your-subject\" \/><\/span> <\/label>\n<\/p>\n<p><label>Tu mensaje<br \/>\n<span class=\"wpcf7-form-control-wrap\" data-name=\"your-message\"><textarea cols=\"40\" rows=\"10\" maxlength=\"2000\" class=\"wpcf7-form-control wpcf7-textarea\" aria-invalid=\"false\" name=\"your-message\"><\/textarea><\/span> <\/label>\n<\/p>\n<p><input class=\"wpcf7-form-control wpcf7-submit has-spinner\" type=\"submit\" value=\"Enviar\" \/>\n<\/p><div class=\"fusion-alert alert custom alert-custom fusion-alert-center wpcf7-response-output awb-alert-native-link-color alert-dismissable awb-alert-close-boxed\" style=\"--awb-border-size:1px;--awb-border-top-left-radius:0px;--awb-border-top-right-radius:0px;--awb-border-bottom-left-radius:0px;--awb-border-bottom-right-radius:0px;\" role=\"alert\"><div class=\"fusion-alert-content-wrapper\"><span class=\"fusion-alert-content\"><\/span><\/div><button type=\"button\" class=\"close toggle-alert\" data-dismiss=\"alert\" aria-label=\"Close\">&times;<\/button><\/div>\n<\/form>\n<\/div>\n\n<\/div><div class=\"fusion-clearfix\"><\/div><\/div><\/div><div class=\"fusion-layout-column fusion_builder_column_inner fusion-builder-nested-column-1 fusion_builder_column_inner_1_2 1_2 fusion-one-half fusion-column-last\" style=\"--awb-bg-size:cover;width:50%;width:calc(50% - ( ( 4% ) * 0.5 ) );\"><div class=\"fusion-column-wrapper fusion-flex-column-wrapper-legacy\"><div class=\"fusion-text fusion-text-2\"><p>En cumplimiento de la ley org\u00e1nica 15\/1999 de 13 de diciembre, de protecci\u00f3n de datos personales, te informamos que los datos que dejes en el formulario est\u00e1n almacenadas en un fichero inscrito en la agencia espa\u00f1ola de protecci\u00f3n de datos.<\/p>\n<p>Podr\u00e1s hacer uso de tus derechos dirigi\u00e9ndote a info@aloewebs.com.<\/p>\n<p>Asimismo, te informamos que al enviar el formulario de petici\u00f3n de contacto, nos est\u00e1s autorizando a enviarte per medios electr\u00f3nicos informaci\u00f3n sobre nuestras propuestas comerciales. Podr\u00e1s revocar esta autorizaci\u00f3n en todo momento enviando un correo electr\u00f3nico con esta petici\u00f3n a info@aloewebs.com.<\/p>\n<\/div>\n<div class=\"fusion-clearfix\"><\/div><\/div><\/div><\/div><\/div><\/div><\/div><\/div><div class=\"fusion-clearfix\"><\/div><\/div><\/div><\/div><\/div>\n","protected":false},"excerpt":{"rendered":"","protected":false},"author":1,"featured_media":0,"parent":0,"menu_order":0,"comment_status":"closed","ping_status":"closed","template":"","meta":{"_acf_changed":false,"footnotes":""},"class_list":["post-160","page","type-page","status-publish","hentry"],"acf":[],"_links":{"self":[{"href":"https:\/\/www.aloewebs.cat\/es\/wp-json\/wp\/v2\/pages\/160","targetHints":{"allow":["GET"]}}],"collection":[{"href":"https:\/\/www.aloewebs.cat\/es\/wp-json\/wp\/v2\/pages"}],"about":[{"href":"https:\/\/www.aloewebs.cat\/es\/wp-json\/wp\/v2\/types\/page"}],"author":[{"embeddable":true,"href":"https:\/\/www.aloewebs.cat\/es\/wp-json\/wp\/v2\/users\/1"}],"replies":[{"embeddable":true,"href":"https:\/\/www.aloewebs.cat\/es\/wp-json\/wp\/v2\/comments?post=160"}],"version-history":[{"count":20,"href":"https:\/\/www.aloewebs.cat\/es\/wp-json\/wp\/v2\/pages\/160\/revisions"}],"predecessor-version":[{"id":290,"href":"https:\/\/www.aloewebs.cat\/es\/wp-json\/wp\/v2\/pages\/160\/revisions\/290"}],"wp:attachment":[{"href":"https:\/\/www.aloewebs.cat\/es\/wp-json\/wp\/v2\/media?parent=160"}],"curies":[{"name":"wp","href":"https:\/\/api.w.org\/{rel}","templated":true}]}}