{"id":174,"date":"2017-04-23T19:44:21","date_gmt":"2017-04-23T19:44:21","guid":{"rendered":"http:\/\/www.aloewebs.cat\/marketing-digital"},"modified":"2017-04-23T22:43:11","modified_gmt":"2017-04-23T22:43:11","slug":"marketing-digital","status":"publish","type":"page","link":"https:\/\/www.aloewebs.cat\/es\/marketing-digital","title":{"rendered":"M\u00e1rketing digital"},"content":{"rendered":"<div class=\"fusion-fullwidth fullwidth-box fusion-builder-row-1 nonhundred-percent-fullwidth non-hundred-percent-height-scrolling\" style=\"--awb-border-radius-top-left:0px;--awb-border-radius-top-right:0px;--awb-border-radius-bottom-right:0px;--awb-border-radius-bottom-left:0px;--awb-padding-top:20px;--awb-padding-bottom:20px;--awb-flex-wrap:wrap;\" ><div class=\"fusion-builder-row fusion-row\"><div class=\"fusion-layout-column fusion_builder_column fusion-builder-column-0 fusion_builder_column_1_3 1_3 fusion-one-third fusion-column-first\" style=\"--awb-bg-size:cover;width:33.333333333333%;width:calc(33.333333333333% - ( ( 4% ) * 0.33333333333333 ) );margin-right: 4%;\"><div class=\"fusion-column-wrapper fusion-flex-column-wrapper-legacy\"><div class=\"fusion-image-element fusion-image-align-center in-legacy-container\" style=\"text-align:center;--awb-bottom-shadow-color:rgba(0,0,0,0.4);--awb-caption-title-font-family:var(--h2_typography-font-family);--awb-caption-title-font-weight:var(--h2_typography-font-weight);--awb-caption-title-font-style:var(--h2_typography-font-style);--awb-caption-title-size:var(--h2_typography-font-size);--awb-caption-title-transform:var(--h2_typography-text-transform);--awb-caption-title-line-height:var(--h2_typography-line-height);--awb-caption-title-letter-spacing:var(--h2_typography-letter-spacing);\"><div class=\"imageframe-align-center\"><div class=\"awb-image-frame awb-image-frame-1 awb-bottomshadow\"><span class=\" fusion-imageframe imageframe-bottomshadow imageframe-1 hover-type-zoomin\"><picture><source srcset=\"https:\/\/www.aloewebs.cat\/wp-content\/webp-express\/webp-images\/uploads\/2017\/04\/marqueting-digital-200x222.jpg.webp 200w, https:\/\/www.aloewebs.cat\/wp-content\/webp-express\/webp-images\/uploads\/2017\/04\/marqueting-digital-400x444.jpg.webp 400w, https:\/\/www.aloewebs.cat\/wp-content\/webp-express\/webp-images\/uploads\/2017\/04\/marqueting-digital-600x667.jpg.webp 600w, https:\/\/www.aloewebs.cat\/wp-content\/webp-express\/webp-images\/uploads\/2017\/04\/marqueting-digital.jpg.webp 720w\" sizes=\"(max-width: 800px) 100vw, 400px\" type=\"image\/webp\"><img decoding=\"async\" width=\"720\" height=\"800\" title=\"marqueting digital barcelona\" src=\"http:\/\/www.aloewebs.cat\/wp-content\/uploads\/2017\/04\/marqueting-digital.jpg\" alt=\"\" class=\"img-responsive wp-image-260 webpexpress-processed\" srcset=\"https:\/\/www.aloewebs.cat\/wp-content\/uploads\/2017\/04\/marqueting-digital-200x222.jpg 200w, https:\/\/www.aloewebs.cat\/wp-content\/uploads\/2017\/04\/marqueting-digital-400x444.jpg 400w, https:\/\/www.aloewebs.cat\/wp-content\/uploads\/2017\/04\/marqueting-digital-600x667.jpg 600w, https:\/\/www.aloewebs.cat\/wp-content\/uploads\/2017\/04\/marqueting-digital.jpg 720w\" sizes=\"(max-width: 800px) 100vw, 400px\"><\/picture><\/span><svg xmlns=\"http:\/\/www.w3.org\/2000\/svg\" version=\"1.1\" width=\"100%\" viewBox=\"0 0 600 28\" preserveAspectRatio=\"none\"><g clip-path=\"url(#a)\"><mask id=\"b\" style=\"mask-type:luminance\" maskUnits=\"userSpaceOnUse\" x=\"0\" y=\"0\" width=\"600\" height=\"28\"><path d=\"M0 0h600v28H0V0Z\" fill=\"#fff\"\/><\/mask><g filter=\"url(#c)\" mask=\"url(#b)\"><path d=\"M16.439-18.667h567.123v30.8S438.961-8.4 300-8.4C161.04-8.4 16.438 12.133 16.438 12.133v-30.8Z\" fill=\"#000\"\/><\/g><\/g><defs><clipPath id=\"a\"><path fill=\"#fff\" d=\"M0 0h600v28H0z\"\/><\/clipPath><filter id=\"c\" x=\"5.438\" y=\"-29.667\" width=\"589.123\" height=\"52.8\" filterUnits=\"userSpaceOnUse\" color-interpolation-filters=\"sRGB\"><feFlood flood-opacity=\"0\" result=\"BackgroundImageFix\"\/><feBlend in=\"SourceGraphic\" in2=\"BackgroundImageFix\" result=\"shape\"\/><feGaussianBlur stdDeviation=\"5.5\" result=\"effect1_foregroundBlur_3983_183\"\/><\/filter><\/defs><\/svg><\/div><\/div><\/div><div class=\"fusion-clearfix\"><\/div><\/div><\/div><div class=\"fusion-layout-column fusion_builder_column fusion-builder-column-1 fusion_builder_column_2_3 2_3 fusion-two-third fusion-column-last\" style=\"--awb-bg-size:cover;width:66.666666666667%;width:calc(66.666666666667% - ( ( 4% ) * 0.66666666666667 ) );\"><div class=\"fusion-column-wrapper fusion-flex-column-wrapper-legacy\"><div class=\"fusion-reading-box-container reading-box-container-1\" style=\"--awb-title-color:#333333;--awb-margin-top:0px;--awb-margin-bottom:84px;\"><div class=\"reading-box reading-box-center\" style=\"background-color:#f6f6f6;border-width:1px;border-color:#f6f6f6;border-left-width:3px;border-left-color:var(--primary_color);border-style:solid;\"><h2>Pide ya tu presupuesto sin compromiso<\/h2><div class=\"reading-box-description fusion-reading-box-additional\"> <\/div><div class=\"reading-box-additional\">\n<p style=\"text-align: center;\"><a class=\"fusion-button button-3d button-pill button-xlarge button-default button-1\" href=\"#\" target=\"_self\" data-toggle=\"modal\" data-target=\".fusion-modal.formulari\">\u00a1Haz click AQU\u00cd!<\/a><\/p>\n<\/div><div class=\"fusion-clearfix\"><\/div><\/div><svg style=\"opacity:0.7;\" xmlns=\"http:\/\/www.w3.org\/2000\/svg\" version=\"1.1\" width=\"100%\" viewBox=\"0 0 600 28\" preserveAspectRatio=\"none\"><g clip-path=\"url(#a)\"><mask id=\"b\" style=\"mask-type:luminance\" maskUnits=\"userSpaceOnUse\" x=\"0\" y=\"0\" width=\"600\" height=\"28\"><path d=\"M0 0h600v28H0V0Z\" fill=\"#fff\"\/><\/mask><g filter=\"url(#c)\" mask=\"url(#b)\"><path d=\"M16.439-18.667h567.123v30.8S438.961-8.4 300-8.4C161.04-8.4 16.438 12.133 16.438 12.133v-30.8Z\" fill=\"#000\"\/><\/g><\/g><defs><clipPath id=\"a\"><path fill=\"#fff\" d=\"M0 0h600v28H0z\"\/><\/clipPath><filter id=\"c\" x=\"5.438\" y=\"-29.667\" width=\"589.123\" height=\"52.8\" filterUnits=\"userSpaceOnUse\" color-interpolation-filters=\"sRGB\"><feFlood flood-opacity=\"0\" result=\"BackgroundImageFix\"\/><feBlend in=\"SourceGraphic\" in2=\"BackgroundImageFix\" result=\"shape\"\/><feGaussianBlur stdDeviation=\"5.5\" result=\"effect1_foregroundBlur_3983_183\"\/><\/filter><\/defs><\/svg><\/div><div class=\"accordian fusion-accordian\" style=\"--awb-border-size:1px;--awb-icon-size:16px;--awb-content-font-size:14px;--awb-icon-alignment:left;--awb-hover-color:#f9f9f9;--awb-border-color:#cccccc;--awb-background-color:#ffffff;--awb-divider-color:#e0dede;--awb-divider-hover-color:#e0dede;--awb-icon-color:var(--awb-color1);--awb-title-color:#333333;--awb-content-color:#747474;--awb-icon-box-color:#333333;--awb-toggle-hover-accent-color:#a0ce4e;--awb-title-font-family:&quot;Open Sans&quot;;--awb-title-font-weight:400;--awb-title-font-style:normal;--awb-content-font-family:&quot;Open Sans&quot;;--awb-content-font-style:normal;--awb-content-font-weight:400;\"><div class=\"panel-group fusion-toggle-icon-boxed\" id=\"accordion-174-1\"><div class=\"fusion-panel panel-default panel-1b532a150465848d5 fusion-toggle-has-divider\"><div class=\"panel-heading\"><h4 class=\"panel-title toggle\" id=\"toggle_1b532a150465848d5\"><a class=\"active\" aria-expanded=\"true\" aria-controls=\"1b532a150465848d5\" role=\"button\" data-toggle=\"collapse\" data-parent=\"#accordion-174-1\" data-target=\"#1b532a150465848d5\" href=\"#1b532a150465848d5\"><span class=\"fusion-toggle-icon-wrapper\" aria-hidden=\"true\"><i class=\"fa-fusion-box active-icon awb-icon-minus\" aria-hidden=\"true\"><\/i><i class=\"fa-fusion-box inactive-icon awb-icon-plus\" aria-hidden=\"true\"><\/i><\/span><span class=\"fusion-toggle-heading\">M\u00e1rketing digital<\/span><\/a><\/h4><\/div><div id=\"1b532a150465848d5\" class=\"panel-collapse collapse in\" aria-labelledby=\"toggle_1b532a150465848d5\"><div class=\"panel-body toggle-content fusion-clearfix\">\n<p>Si quieres tener m\u00e1s visitas, nosotros trabajaremos activamente para conseguirlas, porque pocas visitas vienen solas.<\/p>\n<p>Hay diferentes alternativas para conseguir estas visitas, pero todas tienen algo en com\u00fan, se hacen sobre personas donde su mensaje puede tener m\u00e1s \u00e9xito:<\/p>\n<ul>\n<li><span style=\"line-height: 1.3em;\">clientes, contactos o en general personas que hayan demostrado inter\u00e9s en el pasado.<\/span><\/li>\n<li><span style=\"line-height: 1.3em;\">personas que est\u00e9n buscando informaci\u00f3n relacionada con tus productos en internet.<\/span><\/li>\n<\/ul>\n<p>Nosotros escucharemos tus necesidades y te haremos un planteamiento razonable.<\/p>\n<\/div><\/div><\/div><div class=\"fusion-panel panel-default panel-48fce93d71d717a97 fusion-toggle-has-divider\"><div class=\"panel-heading\"><h4 class=\"panel-title toggle\" id=\"toggle_48fce93d71d717a97\"><a aria-expanded=\"false\" aria-controls=\"48fce93d71d717a97\" role=\"button\" data-toggle=\"collapse\" data-parent=\"#accordion-174-1\" data-target=\"#48fce93d71d717a97\" href=\"#48fce93d71d717a97\"><span class=\"fusion-toggle-icon-wrapper\" aria-hidden=\"true\"><i class=\"fa-fusion-box active-icon awb-icon-minus\" aria-hidden=\"true\"><\/i><i class=\"fa-fusion-box inactive-icon awb-icon-plus\" aria-hidden=\"true\"><\/i><\/span><span class=\"fusion-toggle-heading\">Tienda online<\/span><\/a><\/h4><\/div><div id=\"48fce93d71d717a97\" class=\"panel-collapse collapse \" aria-labelledby=\"toggle_48fce93d71d717a97\"><div class=\"panel-body toggle-content fusion-clearfix\">\n<p>\u00bfPara qu\u00e9 enga\u00f1arse? \u00danicamente quien sale en la primera p\u00e1gina de Google por alg\u00fan criterio de b\u00fasqueda relevante (no vale el propio nombre de tu empresa) recibe visitas desde los buscadores. \u00bfHas realizado nunca el ejercicio de medir estas visitas a tu web?<\/p>\n<p>\u00bfEres capaz de calcular cu\u00e1ntas tendr\u00edas si salieras en primera p\u00e1gina por alg\u00fan t\u00e9rmino de b\u00fasqueda relevante?<\/p>\n<p>Nosotros somos conscientes de que el mercado est\u00e1 lleno de empresas que prometen resultados espectaculares, y que hay cierto &#8220;enfriamiento&#8221; por el abuso que se ha hecho de las expectativas.<\/p>\n<p>Por ello, proponemos un servicio con la mejor garant\u00eda de que un proveedor puede dar: nosotros no cobraremos nada hasta que se consiga el objetivo.<\/p>\n<p>Trabajaremos para desarrollar un proyecto de posicionamiento, y no cobraremos hasta que tu web aparezca en primera p\u00e1gina en google y por tanto empiece a recibir visitas del buscador. Y seguiremos trabajando para mantenerse en primera p\u00e1gina todos los meses.<\/p>\n<\/div><\/div><\/div><div class=\"fusion-panel panel-default panel-cc02cd2c3007d1f85 fusion-toggle-has-divider\"><div class=\"panel-heading\"><h4 class=\"panel-title toggle\" id=\"toggle_cc02cd2c3007d1f85\"><a aria-expanded=\"false\" aria-controls=\"cc02cd2c3007d1f85\" role=\"button\" data-toggle=\"collapse\" data-parent=\"#accordion-174-1\" data-target=\"#cc02cd2c3007d1f85\" href=\"#cc02cd2c3007d1f85\"><span class=\"fusion-toggle-icon-wrapper\" aria-hidden=\"true\"><i class=\"fa-fusion-box active-icon awb-icon-minus\" aria-hidden=\"true\"><\/i><i class=\"fa-fusion-box inactive-icon awb-icon-plus\" aria-hidden=\"true\"><\/i><\/span><span class=\"fusion-toggle-heading\">Newsletter<\/span><\/a><\/h4><\/div><div id=\"cc02cd2c3007d1f85\" class=\"panel-collapse collapse \" aria-labelledby=\"toggle_cc02cd2c3007d1f85\"><div class=\"panel-body toggle-content fusion-clearfix\">\n<p>El email marketing es una de las disciplinas del marketing digital m\u00e1s efectivas, siempre que se haga correctamente tanto desde el punto de vista t\u00e9cnico como comunicativo.<\/p>\n<ul>\n<li><span style=\"line-height: 1.3em;\">Incrementa sus ingresos mediante el env\u00edo de newsletter profesionales.<\/span><\/li>\n<li><span style=\"line-height: 1.3em;\">Muestra a tus clientes todo aquello que tiene para ofrecerles.<\/span><\/li>\n<li><span style=\"line-height: 1.3em;\">Aseg\u00farate de que tus clientes no se olvidan de tu empresa.<\/span><\/li>\n<li><span style=\"line-height: 1.3em;\">Averigua qui\u00e9n es m\u00e1s receptivo a tus propuestas<\/span><\/li>\n<\/ul>\n<p>Cualquiera puede encargarse perfectamente de enviar emails. \u00a1Faltar\u00eda! Qu\u00e9 te ofrecemos si nos encargas el servicio a nosotros?:<\/p>\n<ul>\n<li><span style=\"line-height: 1.3em;\">Asesoramiento continuo en los aspectos legislativos.<\/span><\/li>\n<li><span style=\"line-height: 1.3em;\">Nos encargamos de una maquetaci\u00f3n adaptada al lenguaje html, Nada de enviar una imagen hecha por el dise\u00f1ador gr\u00e1fico!<\/span><\/li>\n<li><span style=\"line-height: 1.3em;\">Gran parte de los correos se reciben en el m\u00f3vil, por eso hacemos esta maquetaci\u00f3n adaptable al dispositivo (lo llaman &#8220;responsive&#8221;, por si lo has le\u00eddo).<\/span><\/li>\n<li><span style=\"line-height: 1.3em;\">Probamos como se ver\u00e1 a los diferentes clientes de correo, incluyendo servicios populares como gmail o yahoo.<\/span><\/li>\n<li><span style=\"line-height: 1.3em;\">Te enviaremos el informe con el resultado del env\u00edo (quien lo ha abierto, qui\u00e9n ha hecho clic en alg\u00fan enlace).<\/span><\/li>\n<li><span style=\"line-height: 1.3em;\">Os modificaremos los enlaces hacia la web, de forma que se pueda saber despu\u00e9s c\u00f3mo han interactuado las visitas que vienen del mailing.<\/span><\/li>\n<\/ul>\n<\/div><\/div><\/div><div class=\"fusion-panel panel-default panel-9574cf3b659974728 fusion-toggle-has-divider\"><div class=\"panel-heading\"><h4 class=\"panel-title toggle\" id=\"toggle_9574cf3b659974728\"><a aria-expanded=\"false\" aria-controls=\"9574cf3b659974728\" role=\"button\" data-toggle=\"collapse\" data-parent=\"#accordion-174-1\" data-target=\"#9574cf3b659974728\" href=\"#9574cf3b659974728\"><span class=\"fusion-toggle-icon-wrapper\" aria-hidden=\"true\"><i class=\"fa-fusion-box active-icon awb-icon-minus\" aria-hidden=\"true\"><\/i><i class=\"fa-fusion-box inactive-icon awb-icon-plus\" aria-hidden=\"true\"><\/i><\/span><span class=\"fusion-toggle-heading\">Quiero anunciarme en Internet<\/span><\/a><\/h4><\/div><div id=\"9574cf3b659974728\" class=\"panel-collapse collapse \" aria-labelledby=\"toggle_9574cf3b659974728\"><div class=\"panel-body toggle-content fusion-clearfix\">\n<p>Consiga visitas mediante publicidad en adwords de google. Correctamente segmentada, conseguir\u00e1 atraer la demanda ya existente para sus productos y servicios.<\/p>\n<p>Cada vez que alguien busque un producto como los que tu empresa ofrece, lo m\u00e1s probable es que acuda a un buscador. Y, en nuestro pa\u00eds, este buscador ser\u00e1 google en m\u00e1s del 95% de los casos.<\/p>\n<p>Publicitarse en los buscadores es una manera interesante de mostrar tu informaci\u00f3n delante de aquellos que est\u00e1n interesados en lo que les puedes de ofrecer.<\/p>\n<h3>C\u00f3mo mejorar el ROI de tu inversi\u00f3n<\/h3>\n<p>Es relativamente f\u00e1cil derrochar en dinero invertido en anuncios de pago por clic (PPC). Sin un conocimiento adecuado de las t\u00e9cnicas, probablemente estar\u00e1s tirando el dinero si gestionas por ti mismo la campa\u00f1a. Recuerda que lo m\u00e1s importante no es tener muchos clics, si no que \u00e9stos sean relevantes.<\/p>\n<p>Nosotros gestionamos de forma constante las campa\u00f1as, midiendo la rentabilidad de cada t\u00e9rmino. Introducimos cambios y medimos. Creamos textos que mueven a la acci\u00f3n.<\/p>\n<p>Nuestro objetivo no es que te gastes m\u00e1s o menos en una campa\u00f1a, si no que lo que se invierta sea lo m\u00e1s rentable posible.<\/p>\n<\/div><\/div><\/div><div class=\"fusion-panel panel-default panel-28b83d4a0c8da3ade fusion-toggle-has-divider\"><div class=\"panel-heading\"><h4 class=\"panel-title toggle\" id=\"toggle_28b83d4a0c8da3ade\"><a aria-expanded=\"false\" aria-controls=\"28b83d4a0c8da3ade\" role=\"button\" data-toggle=\"collapse\" data-parent=\"#accordion-174-1\" data-target=\"#28b83d4a0c8da3ade\" href=\"#28b83d4a0c8da3ade\"><span class=\"fusion-toggle-icon-wrapper\" aria-hidden=\"true\"><i class=\"fa-fusion-box active-icon awb-icon-minus\" aria-hidden=\"true\"><\/i><i class=\"fa-fusion-box inactive-icon awb-icon-plus\" aria-hidden=\"true\"><\/i><\/span><span class=\"fusion-toggle-heading\">Mantenimiento<\/span><\/a><\/h4><\/div><div id=\"28b83d4a0c8da3ade\" class=\"panel-collapse collapse \" aria-labelledby=\"toggle_28b83d4a0c8da3ade\"><div class=\"panel-body toggle-content fusion-clearfix\">\n<p>Ara ja saps aconseguir m\u00e9s visites a la seva web. Saps com maximitzar el profit que en treieu d&#8217;elles?<\/p>\n<p>Et proposem fer una ullada a les nostres propostes per optimitzar la rendibilitat de la teva p\u00e0gina web.<\/p>\n<div class=\"fusion-aligncenter\"><a class=\"fusion-button button-flat button-xlarge button-default fusion-button-default button-1 fusion-button-default-span fusion-button-default-type\" target=\"_self\" href=\"\/es\/mantenimiento.html\"><span class=\"fusion-button-text awb-button__text awb-button__text--default\">Leer m\u00e1s&#8230;<\/span><\/a><\/div><\/div><\/div><\/div><\/div><\/div><div class=\"fusion-modal modal fade modal-1 formulari\" tabindex=\"-1\" role=\"dialog\" aria-labelledby=\"modal-heading-1\" aria-hidden=\"true\" style=\"--awb-border-color:#ebebeb;--awb-background:#f6f6f6;\"><div class=\"modal-dialog modal-lg\" role=\"document\"><div class=\"modal-content fusion-modal-content\"><div class=\"modal-header\"><button class=\"close\" type=\"button\" data-dismiss=\"modal\" aria-hidden=\"true\" aria-label=\"Close\">&times;<\/button><h3 class=\"modal-title\" id=\"modal-heading-1\" data-dismiss=\"modal\" aria-hidden=\"true\">Formulario de contacto<\/h3><\/div><div class=\"modal-body fusion-clearfix\">\n<div class=\"fusion-builder-row fusion-builder-row-inner fusion-row\"><div class=\"fusion-layout-column fusion_builder_column_inner fusion-builder-nested-column-0 fusion_builder_column_inner_1_2 1_2 fusion-one-half fusion-column-first\" style=\"--awb-bg-size:cover;width:50%;width:calc(50% - ( ( 4% ) * 0.5 ) );margin-right: 4%;\"><div class=\"fusion-column-wrapper fusion-flex-column-wrapper-legacy\"><div class=\"fusion-text fusion-text-1\">\n<div class=\"wpcf7 no-js\" id=\"wpcf7-f121-o1\" lang=\"\" dir=\"ltr\" data-wpcf7-id=\"121\">\n<div class=\"screen-reader-response\"><p role=\"status\" aria-live=\"polite\" aria-atomic=\"true\"><\/p> <ul><\/ul><\/div>\n<form action=\"\/es\/wp-json\/wp\/v2\/pages\/174#wpcf7-f121-o1\" method=\"post\" class=\"wpcf7-form init\" aria-label=\"Formulario de contacto\" novalidate=\"novalidate\" data-status=\"init\">\n<fieldset class=\"hidden-fields-container\"><input type=\"hidden\" name=\"_wpcf7\" value=\"121\" \/><input type=\"hidden\" name=\"_wpcf7_version\" value=\"6.1.5\" \/><input type=\"hidden\" name=\"_wpcf7_locale\" value=\"\" \/><input type=\"hidden\" name=\"_wpcf7_unit_tag\" value=\"wpcf7-f121-o1\" \/><input type=\"hidden\" name=\"_wpcf7_container_post\" value=\"0\" \/><input type=\"hidden\" name=\"_wpcf7_posted_data_hash\" value=\"\" \/><input type=\"hidden\" name=\"_wpcf7_recaptcha_response\" value=\"\" \/>\n<\/fieldset>\n<p><label>Nombre (*)<br \/>\n<span class=\"wpcf7-form-control-wrap\" data-name=\"your-name\"><input size=\"40\" maxlength=\"400\" class=\"wpcf7-form-control wpcf7-text wpcf7-validates-as-required\" aria-required=\"true\" aria-invalid=\"false\" value=\"\" type=\"text\" name=\"your-name\" \/><\/span> <\/label>\n<\/p>\n<p><label>Tel\u00e9fono<br \/>\n<span class=\"wpcf7-form-control-wrap\" data-name=\"your-telefon\"><input size=\"40\" maxlength=\"400\" class=\"wpcf7-form-control wpcf7-text\" aria-invalid=\"false\" value=\"\" type=\"text\" name=\"your-telefon\" \/><\/span> <\/label>\n<\/p>\n<p><label>E-mail (*)<br \/>\n<span class=\"wpcf7-form-control-wrap\" data-name=\"your-email\"><input size=\"40\" maxlength=\"400\" class=\"wpcf7-form-control wpcf7-email wpcf7-validates-as-required wpcf7-text wpcf7-validates-as-email\" aria-required=\"true\" aria-invalid=\"false\" value=\"\" type=\"email\" name=\"your-email\" \/><\/span> <\/label>\n<\/p>\n<p><label>Asunto<br \/>\n<span class=\"wpcf7-form-control-wrap\" data-name=\"your-subject\"><input size=\"40\" maxlength=\"400\" class=\"wpcf7-form-control wpcf7-text\" aria-invalid=\"false\" value=\"\" type=\"text\" name=\"your-subject\" \/><\/span> <\/label>\n<\/p>\n<p><label>Tu mensaje<br \/>\n<span class=\"wpcf7-form-control-wrap\" data-name=\"your-message\"><textarea cols=\"40\" rows=\"10\" maxlength=\"2000\" class=\"wpcf7-form-control wpcf7-textarea\" aria-invalid=\"false\" name=\"your-message\"><\/textarea><\/span> <\/label>\n<\/p>\n<p><input class=\"wpcf7-form-control wpcf7-submit has-spinner\" type=\"submit\" value=\"Enviar\" \/>\n<\/p><div class=\"fusion-alert alert custom alert-custom fusion-alert-center wpcf7-response-output awb-alert-native-link-color alert-dismissable awb-alert-close-boxed\" style=\"--awb-border-size:1px;--awb-border-top-left-radius:0px;--awb-border-top-right-radius:0px;--awb-border-bottom-left-radius:0px;--awb-border-bottom-right-radius:0px;\" role=\"alert\"><div class=\"fusion-alert-content-wrapper\"><span class=\"fusion-alert-content\"><\/span><\/div><button type=\"button\" class=\"close toggle-alert\" data-dismiss=\"alert\" aria-label=\"Close\">&times;<\/button><\/div>\n<\/form>\n<\/div>\n\n<\/div><div class=\"fusion-clearfix\"><\/div><\/div><\/div><div class=\"fusion-layout-column fusion_builder_column_inner fusion-builder-nested-column-1 fusion_builder_column_inner_1_2 1_2 fusion-one-half fusion-column-last\" style=\"--awb-bg-size:cover;width:50%;width:calc(50% - ( ( 4% ) * 0.5 ) );\"><div class=\"fusion-column-wrapper fusion-flex-column-wrapper-legacy\">\n<div class=\"fusion-text fusion-text-2\"><p>En cumplimiento de la ley org\u00e1nica 15\/1999 de 13 de diciembre, de protecci\u00f3n de datos personales, te informamos que los datos que dejes en el formulario est\u00e1n almacenadas en un fichero inscrito en la agencia espa\u00f1ola de protecci\u00f3n de datos.<\/p>\n<p>Podr\u00e1s hacer uso de tus derechos dirigi\u00e9ndote a info@aloewebs.com.<\/p>\n<p>Asimismo, te informamos que al enviar el formulario de petici\u00f3n de contacto, nos est\u00e1s autorizando a enviarte per medios electr\u00f3nicos informaci\u00f3n sobre nuestras propuestas comerciales. Podr\u00e1s revocar esta autorizaci\u00f3n en todo momento enviando un correo electr\u00f3nico con esta petici\u00f3n a info@aloewebs.com.<\/p>\n<\/div>\n<div class=\"fusion-clearfix\"><\/div><\/div><\/div><\/div>\n<\/div><\/div><\/div><\/div><div class=\"fusion-clearfix\"><\/div><\/div><\/div><\/div><\/div>\n","protected":false},"excerpt":{"rendered":"","protected":false},"author":1,"featured_media":0,"parent":0,"menu_order":0,"comment_status":"closed","ping_status":"closed","template":"","meta":{"_acf_changed":false,"footnotes":""},"class_list":["post-174","page","type-page","status-publish","hentry"],"acf":[],"_links":{"self":[{"href":"https:\/\/www.aloewebs.cat\/es\/wp-json\/wp\/v2\/pages\/174","targetHints":{"allow":["GET"]}}],"collection":[{"href":"https:\/\/www.aloewebs.cat\/es\/wp-json\/wp\/v2\/pages"}],"about":[{"href":"https:\/\/www.aloewebs.cat\/es\/wp-json\/wp\/v2\/types\/page"}],"author":[{"embeddable":true,"href":"https:\/\/www.aloewebs.cat\/es\/wp-json\/wp\/v2\/users\/1"}],"replies":[{"embeddable":true,"href":"https:\/\/www.aloewebs.cat\/es\/wp-json\/wp\/v2\/comments?post=174"}],"version-history":[{"count":20,"href":"https:\/\/www.aloewebs.cat\/es\/wp-json\/wp\/v2\/pages\/174\/revisions"}],"predecessor-version":[{"id":295,"href":"https:\/\/www.aloewebs.cat\/es\/wp-json\/wp\/v2\/pages\/174\/revisions\/295"}],"wp:attachment":[{"href":"https:\/\/www.aloewebs.cat\/es\/wp-json\/wp\/v2\/media?parent=174"}],"curies":[{"name":"wp","href":"https:\/\/api.w.org\/{rel}","templated":true}]}}