{"id":191,"date":"2017-04-23T19:47:40","date_gmt":"2017-04-23T19:47:40","guid":{"rendered":"http:\/\/www.aloewebs.cat\/inicio"},"modified":"2022-10-07T08:49:32","modified_gmt":"2022-10-07T08:49:32","slug":"inicio","status":"publish","type":"page","link":"https:\/\/www.aloewebs.cat\/es","title":{"rendered":"Inicio"},"content":{"rendered":"<div class=\"fusion-fullwidth fullwidth-box fusion-builder-row-1 nonhundred-percent-fullwidth non-hundred-percent-height-scrolling\" style=\"--awb-border-radius-top-left:0px;--awb-border-radius-top-right:0px;--awb-border-radius-bottom-right:0px;--awb-border-radius-bottom-left:0px;--awb-padding-top:20px;--awb-padding-bottom:20px;--awb-flex-wrap:wrap;\" ><div class=\"fusion-builder-row fusion-row\"><div class=\"fusion-layout-column fusion_builder_column fusion-builder-column-0 fusion_builder_column_1_1 1_1 fusion-one-full fusion-column-first fusion-column-last\" style=\"--awb-bg-size:cover;\"><div class=\"fusion-column-wrapper fusion-flex-column-wrapper-legacy\"><div class=\"fusion-content-boxes content-boxes columns row fusion-columns-4 fusion-columns-total-4 fusion-content-boxes-1 content-boxes-icon-on-top content-left\" style=\"--awb-hover-accent-color:#a0ce4e;--awb-circle-hover-accent-color:#a0ce4e;\" data-animationOffset=\"top-into-view\"><div style=\"--awb-backgroundcolor:rgba(255,255,255,0);\" class=\"fusion-column content-box-column content-box-column content-box-column-1 col-lg-3 col-md-3 col-sm-3 fusion-content-box-hover content-box-column-first-in-row\"><div class=\"col content-box-wrapper content-wrapper link-area-link-icon link-type-text icon-hover-animation-fade\" data-animationOffset=\"top-into-view\"><div class=\"heading heading-with-icon icon-left\"><a class=\"heading-link\" href=\"\/es\/mantenimiento.html\" target=\"_self\"><div aria-hidden=\"true\" class=\"image\"><picture><source srcset=\"https:\/\/www.aloewebs.cat\/wp-content\/webp-express\/webp-images\/uploads\/2017\/04\/banknotes-128.png.webp\" type=\"image\/webp\"><img decoding=\"async\" src=\"https:\/\/www.aloewebs.cat\/wp-content\/uploads\/2017\/04\/banknotes-128.png\" width=\"90\" height=\"90\" alt=\"\" class=\"webpexpress-processed\"><\/picture><\/div><h2 class=\"content-box-heading\" style=\"--h2_typography-font-size:18px;line-height:23px;\">Quiero que mi web sea rentable<\/h2><\/a><\/div><div class=\"fusion-clearfix\"><\/div><div class=\"content-container\">Comprende c\u00f3mo interact\u00faan los visitantes con tu web, y obt\u00e9n la informaci\u00f3n necesaria para mejorarla y convertir las visitas en clientes.<\/div><\/div><\/div><div style=\"--awb-backgroundcolor:rgba(255,255,255,0);\" class=\"fusion-column content-box-column content-box-column content-box-column-2 col-lg-3 col-md-3 col-sm-3 fusion-content-box-hover \"><div class=\"col content-box-wrapper content-wrapper link-area-link-icon link-type-text icon-hover-animation-fade\" data-animationOffset=\"top-into-view\"><div class=\"heading heading-with-icon icon-left\"><a class=\"heading-link\" href=\"\/es\/diseno-web.html\" target=\"_self\"><div aria-hidden=\"true\" class=\"image\"><picture><source srcset=\"https:\/\/www.aloewebs.cat\/wp-content\/webp-express\/webp-images\/uploads\/2017\/04\/monitor-128.png.webp\" type=\"image\/webp\"><img decoding=\"async\" src=\"https:\/\/www.aloewebs.cat\/wp-content\/uploads\/2017\/04\/monitor-128.png\" width=\"90\" height=\"90\" alt=\"\" class=\"webpexpress-processed\"><\/picture><\/div><h2 class=\"content-box-heading\" style=\"--h2_typography-font-size:18px;line-height:23px;\">Quiero mejorar nuestra imagen<\/h2><\/a><\/div><div class=\"fusion-clearfix\"><\/div><div class=\"content-container\">Dise\u00f1o actualizado y moderno que causa una buena impresi\u00f3n a los visitantes, les ayuda a encontrar lo que buscan y facilita su fidelizaci\u00f3n.<\/div><\/div><\/div><div style=\"--awb-backgroundcolor:rgba(255,255,255,0);\" class=\"fusion-column content-box-column content-box-column content-box-column-3 col-lg-3 col-md-3 col-sm-3 fusion-content-box-hover \"><div class=\"col content-box-wrapper content-wrapper link-area-link-icon link-type-text icon-hover-animation-fade\" data-animationOffset=\"top-into-view\"><div class=\"heading heading-with-icon icon-left\"><a class=\"heading-link\" href=\"\/es\/marketing-digital.html\" target=\"_self\"><div aria-hidden=\"true\" class=\"image\"><picture><source srcset=\"https:\/\/www.aloewebs.cat\/wp-content\/webp-express\/webp-images\/uploads\/2017\/04\/positive_dynamic-128.png.webp\" type=\"image\/webp\"><img decoding=\"async\" src=\"https:\/\/www.aloewebs.cat\/wp-content\/uploads\/2017\/04\/positive_dynamic-128.png\" width=\"90\" height=\"90\" alt=\"\" class=\"webpexpress-processed\"><\/picture><\/div><h2 class=\"content-box-heading\" style=\"--h2_typography-font-size:18px;line-height:23px;\">Quiero m\u00e1s visitas<\/h2><\/a><\/div><div class=\"fusion-clearfix\"><\/div><div class=\"content-container\">Gestionamos distintas herramientas de promoci\u00f3n para tu web con garant\u00edas de \u00e9xito.<\/div><\/div><\/div><div style=\"--awb-backgroundcolor:rgba(255,255,255,0);\" class=\"fusion-column content-box-column content-box-column content-box-column-4 col-lg-3 col-md-3 col-sm-3 fusion-content-box-hover content-box-column-last content-box-column-last-in-row\"><div class=\"col content-box-wrapper content-wrapper link-area-link-icon link-type-text icon-hover-animation-fade\" data-animationOffset=\"top-into-view\"><div class=\"heading heading-with-icon icon-left\"><a class=\"heading-link\" href=\"\/es\/comercio-electronico.html\" target=\"_self\"><div aria-hidden=\"true\" class=\"image\"><picture><source srcset=\"https:\/\/www.aloewebs.cat\/wp-content\/webp-express\/webp-images\/uploads\/2017\/04\/shopping_cart_filled-128.png.webp\" type=\"image\/webp\"><img decoding=\"async\" src=\"https:\/\/www.aloewebs.cat\/wp-content\/uploads\/2017\/04\/shopping_cart_filled-128.png\" width=\"90\" height=\"90\" alt=\"\" class=\"webpexpress-processed\"><\/picture><\/div><h2 class=\"content-box-heading\" style=\"--h2_typography-font-size:18px;line-height:23px;\">Quiero vender por internet<\/h2><\/a><\/div><div class=\"fusion-clearfix\"><\/div><div class=\"content-container\">Descubre nuestras propuestas para introducirte bien asesorado en el mundo del <strong>comercio<\/strong>\u00a0electr\u00f3nico.<\/div><\/div><\/div><div class=\"fusion-clearfix\"><\/div><\/div><div class=\"fusion-clearfix\"><\/div><\/div><\/div><\/div><\/div>\n","protected":false},"excerpt":{"rendered":"","protected":false},"author":1,"featured_media":0,"parent":0,"menu_order":0,"comment_status":"closed","ping_status":"closed","template":"","meta":{"_acf_changed":false,"footnotes":""},"class_list":["post-191","page","type-page","status-publish","hentry"],"acf":[],"_links":{"self":[{"href":"https:\/\/www.aloewebs.cat\/es\/wp-json\/wp\/v2\/pages\/191","targetHints":{"allow":["GET"]}}],"collection":[{"href":"https:\/\/www.aloewebs.cat\/es\/wp-json\/wp\/v2\/pages"}],"about":[{"href":"https:\/\/www.aloewebs.cat\/es\/wp-json\/wp\/v2\/types\/page"}],"author":[{"embeddable":true,"href":"https:\/\/www.aloewebs.cat\/es\/wp-json\/wp\/v2\/users\/1"}],"replies":[{"embeddable":true,"href":"https:\/\/www.aloewebs.cat\/es\/wp-json\/wp\/v2\/comments?post=191"}],"version-history":[{"count":19,"href":"https:\/\/www.aloewebs.cat\/es\/wp-json\/wp\/v2\/pages\/191\/revisions"}],"predecessor-version":[{"id":2958,"href":"https:\/\/www.aloewebs.cat\/es\/wp-json\/wp\/v2\/pages\/191\/revisions\/2958"}],"wp:attachment":[{"href":"https:\/\/www.aloewebs.cat\/es\/wp-json\/wp\/v2\/media?parent=191"}],"curies":[{"name":"wp","href":"https:\/\/api.w.org\/{rel}","templated":true}]}}