{"id":2155,"date":"2022-01-22T12:49:12","date_gmt":"2022-01-22T12:49:12","guid":{"rendered":"https:\/\/www.aloewebs.cat\/kit-digital"},"modified":"2025-07-31T21:23:23","modified_gmt":"2025-07-31T19:23:23","slug":"kit-digital","status":"publish","type":"page","link":"https:\/\/www.aloewebs.cat\/es\/kit-digital","title":{"rendered":"Kit Digital"},"content":{"rendered":"<p><div class=\"fusion-fullwidth fullwidth-box fusion-builder-row-1 fusion-flex-container nonhundred-percent-fullwidth non-hundred-percent-height-scrolling\" style=\"--awb-border-radius-top-left:0px;--awb-border-radius-top-right:0px;--awb-border-radius-bottom-right:0px;--awb-border-radius-bottom-left:0px;--awb-flex-wrap:wrap;\" ><div class=\"fusion-builder-row fusion-row fusion-flex-align-items-flex-start fusion-flex-content-wrap\" style=\"max-width:1216.8px;margin-left: calc(-4% \/ 2 );margin-right: calc(-4% \/ 2 );\"><div class=\"fusion-layout-column fusion_builder_column fusion-builder-column-0 fusion_builder_column_1_1 1_1 fusion-flex-column\" style=\"--awb-bg-size:cover;--awb-width-large:100%;--awb-margin-top-large:0px;--awb-spacing-right-large:1.92%;--awb-margin-bottom-large:20px;--awb-spacing-left-large:1.92%;--awb-width-medium:100%;--awb-order-medium:0;--awb-spacing-right-medium:1.92%;--awb-spacing-left-medium:1.92%;--awb-width-small:100%;--awb-order-small:0;--awb-spacing-right-small:1.92%;--awb-spacing-left-small:1.92%;\"><div class=\"fusion-column-wrapper fusion-column-has-shadow fusion-flex-justify-content-flex-start fusion-content-layout-column\"><div class=\"fusion-image-element \" style=\"--awb-caption-title-font-family:var(--h2_typography-font-family);--awb-caption-title-font-weight:var(--h2_typography-font-weight);--awb-caption-title-font-style:var(--h2_typography-font-style);--awb-caption-title-size:var(--h2_typography-font-size);--awb-caption-title-transform:var(--h2_typography-text-transform);--awb-caption-title-line-height:var(--h2_typography-line-height);--awb-caption-title-letter-spacing:var(--h2_typography-letter-spacing);\"><span class=\" fusion-imageframe imageframe-none imageframe-1 hover-type-none\"><picture><source srcset=\"https:\/\/www.aloewebs.cat\/wp-content\/webp-express\/webp-images\/uploads\/2022\/02\/Logo-digitalizadores-4-200x23.png.webp 200w, https:\/\/www.aloewebs.cat\/wp-content\/webp-express\/webp-images\/uploads\/2022\/02\/Logo-digitalizadores-4-400x46.png.webp 400w, https:\/\/www.aloewebs.cat\/wp-content\/webp-express\/webp-images\/uploads\/2022\/02\/Logo-digitalizadores-4-600x70.png.webp 600w, https:\/\/www.aloewebs.cat\/wp-content\/webp-express\/webp-images\/uploads\/2022\/02\/Logo-digitalizadores-4-800x93.png.webp 800w, https:\/\/www.aloewebs.cat\/wp-content\/webp-express\/webp-images\/uploads\/2022\/02\/Logo-digitalizadores-4-1200x139.png.webp 1200w, https:\/\/www.aloewebs.cat\/wp-content\/webp-express\/webp-images\/uploads\/2022\/02\/Logo-digitalizadores-4.png.webp 3000w\" sizes=\"(max-width: 1024px) 100vw, (max-width: 640px) 100vw, 1200px\" type=\"image\/webp\"><img decoding=\"async\" width=\"3000\" height=\"348\" title=\"Logo-digitalizadores (4)\" src=\"https:\/\/www.aloewebs.cat\/wp-content\/uploads\/2022\/02\/Logo-digitalizadores-4.png\" alt=\"\" class=\"img-responsive wp-image-2265 webpexpress-processed\" srcset=\"https:\/\/www.aloewebs.cat\/wp-content\/uploads\/2022\/02\/Logo-digitalizadores-4-200x23.png 200w, https:\/\/www.aloewebs.cat\/wp-content\/uploads\/2022\/02\/Logo-digitalizadores-4-400x46.png 400w, https:\/\/www.aloewebs.cat\/wp-content\/uploads\/2022\/02\/Logo-digitalizadores-4-600x70.png 600w, https:\/\/www.aloewebs.cat\/wp-content\/uploads\/2022\/02\/Logo-digitalizadores-4-800x93.png 800w, https:\/\/www.aloewebs.cat\/wp-content\/uploads\/2022\/02\/Logo-digitalizadores-4-1200x139.png 1200w, https:\/\/www.aloewebs.cat\/wp-content\/uploads\/2022\/02\/Logo-digitalizadores-4.png 3000w\" sizes=\"(max-width: 1024px) 100vw, (max-width: 640px) 100vw, 1200px\"><\/picture><\/span><\/div><div class=\"fusion-separator fusion-full-width-sep\" style=\"align-self: center;margin-left: auto;margin-right: auto;margin-top:40px;width:100%;\"><\/div><div class=\"fusion-alert alert custom alert-custom fusion-alert-left awb-alert-native-link-color alert-shadow\" style=\"--awb-background-color:#808080;--awb-accent-color:#ffffff;--awb-border-size:1px;--awb-border-top-left-radius:0px;--awb-border-top-right-radius:0px;--awb-border-bottom-left-radius:0px;--awb-border-bottom-right-radius:0px;\" role=\"alert\"><div class=\"fusion-alert-content-wrapper\"><span class=\"alert-icon\"><i class=\"fa-at fas\" aria-hidden=\"true\"><\/i><\/span><span class=\"fusion-alert-content\">\u00bfConoces la convocatoria de ayudas del Programa Kit Digital, financiadas con los fondos europeos \u201cNext Generation EU\u201d dentro del Plan de Recuperaci\u00f3n Transformaci\u00f3n y Resiliencia?<\/span><\/div><\/div><div class=\"fusion-separator fusion-full-width-sep\" style=\"align-self: center;margin-left: auto;margin-right: auto;margin-top:40px;width:100%;\"><\/div><div class=\"fusion-title title fusion-title-1 fusion-sep-none fusion-title-center fusion-title-highlight fusion-animate-loop fusion-highlight-underline_zigzag fusion-title-size-two\" style=\"--awb-highlight-top-margin:5px;\" data-highlight=\"underline_zigzag\"><h2 class=\"fusion-title-heading title-heading-center\" style=\"margin:0;\"><span class=\"fusion-highlighted-text-prefix\">podemos ayudarte con nuestras soluciones espec\u00edficas para la<\/span> <span class=\"fusion-highlighted-text-wrapper\"><span class=\"fusion-highlighted-text\">Transformaci\u00f3n Digital<\/span><svg xmlns=\"http:\/\/www.w3.org\/2000\/svg\" viewBox=\"0 0 500 150\" preserveAspectRatio=\"none\"><path d=\"M6.1,133.6c0,0,173.4-20.6,328.3-14.5c154.8,6.1,162.2,8.7,162.2,8.7s-262.6-4.9-339.2,13.9 c0,0,113.8-6.1,162.9,6.9\"><\/path><\/svg><\/span> <span class=\"fusion-highlighted-text-postfix\"><\/span><\/h2><\/div><div class=\"fusion-separator fusion-full-width-sep\" style=\"align-self: center;margin-left: auto;margin-right: auto;margin-top:40px;width:100%;\"><\/div><div class=\"fusion-text fusion-text-1\" style=\"--awb-content-alignment:center;--awb-font-size:24px;--awb-text-color:var(--awb-custom11);\"><p><span style=\"color: #000000;\">Disponibles para los segmentos I, II y III<\/span><\/p>\n<\/div><div class=\"fusion-separator fusion-full-width-sep\" style=\"align-self: center;margin-left: auto;margin-right: auto;margin-top:40px;width:100%;\"><\/div><\/div><\/div><\/div><\/div><div class=\"fusion-fullwidth fullwidth-box fusion-builder-row-2 fusion-flex-container nonhundred-percent-fullwidth non-hundred-percent-height-scrolling\" style=\"--awb-border-radius-top-left:0px;--awb-border-radius-top-right:0px;--awb-border-radius-bottom-right:0px;--awb-border-radius-bottom-left:0px;--awb-flex-wrap:wrap;\" ><div class=\"fusion-builder-row fusion-row fusion-flex-align-items-flex-start fusion-flex-content-wrap\" style=\"max-width:1216.8px;margin-left: calc(-4% \/ 2 );margin-right: calc(-4% \/ 2 );\"><div class=\"fusion-layout-column fusion_builder_column fusion-builder-column-1 fusion_builder_column_1_1 1_1 fusion-flex-column\" style=\"--awb-bg-size:cover;--awb-width-large:100%;--awb-margin-top-large:0px;--awb-spacing-right-large:1.92%;--awb-margin-bottom-large:20px;--awb-spacing-left-large:1.92%;--awb-width-medium:100%;--awb-order-medium:0;--awb-spacing-right-medium:1.92%;--awb-spacing-left-medium:1.92%;--awb-width-small:100%;--awb-order-small:0;--awb-spacing-right-small:1.92%;--awb-spacing-left-small:1.92%;\"><div class=\"fusion-column-wrapper fusion-column-has-shadow fusion-flex-justify-content-flex-start fusion-content-layout-column\"><div class=\"accordian fusion-accordian\" style=\"--awb-border-size:1px;--awb-icon-size:16px;--awb-content-font-size:14px;--awb-icon-alignment:left;--awb-hover-color:#f9f9f9;--awb-border-color:#cccccc;--awb-background-color:#ffffff;--awb-divider-color:#e0dede;--awb-divider-hover-color:#e0dede;--awb-icon-color:var(--awb-color1);--awb-title-color:#333333;--awb-content-color:#747474;--awb-icon-box-color:#333333;--awb-toggle-hover-accent-color:#a0ce4e;--awb-title-font-family:&quot;Open Sans&quot;;--awb-title-font-weight:400;--awb-title-font-style:normal;--awb-content-font-family:&quot;Open Sans&quot;;--awb-content-font-style:normal;--awb-content-font-weight:400;\"><div class=\"panel-group fusion-toggle-icon-boxed\" id=\"accordion-2155-1\"><div class=\"fusion-panel panel-default panel-b56458eabcf4f272b fusion-toggle-no-divider fusion-toggle-boxed-mode\"><div class=\"panel-heading\"><h4 class=\"panel-title toggle\" id=\"toggle_b56458eabcf4f272b\"><a class=\"active\" aria-expanded=\"true\" aria-controls=\"b56458eabcf4f272b\" role=\"button\" data-toggle=\"collapse\" data-parent=\"#accordion-2155-1\" data-target=\"#b56458eabcf4f272b\" href=\"#b56458eabcf4f272b\"><span class=\"fusion-toggle-icon-wrapper\" aria-hidden=\"true\"><i class=\"fa-fusion-box active-icon awb-icon-minus\" aria-hidden=\"true\"><\/i><i class=\"fa-fusion-box inactive-icon awb-icon-plus\" aria-hidden=\"true\"><\/i><\/span><span class=\"fusion-toggle-heading\">KIT DIGITAL WEB - (Categor\u00eda Sitio Web y presencia en Internet)<\/span><\/a><\/h4><\/div><div id=\"b56458eabcf4f272b\" class=\"panel-collapse collapse in\" aria-labelledby=\"toggle_b56458eabcf4f272b\"><div class=\"panel-body toggle-content fusion-clearfix\">\n<ul>\n<li>P\u00e1gina web corporativa.<\/li>\n<li>Descipci\u00f3n de la empresa, productos y servicios, Mapa, y formulario de contacto<\/li>\n<li>Aviso legal, Pol\u00edtica de privacidad y Pol\u00edtica de cookies<\/li>\n<li>Panel de control para modificar los contenidos.<\/li>\n<li>A partir de 1.190\u20ac<\/li>\n<\/ul>\n<\/div><\/div><\/div><div class=\"fusion-panel panel-default panel-55b87f2a2bb36aaee fusion-toggle-no-divider fusion-toggle-boxed-mode\"><div class=\"panel-heading\"><h4 class=\"panel-title toggle\" id=\"toggle_55b87f2a2bb36aaee\"><a class=\"active\" aria-expanded=\"true\" aria-controls=\"55b87f2a2bb36aaee\" role=\"button\" data-toggle=\"collapse\" data-parent=\"#accordion-2155-1\" data-target=\"#55b87f2a2bb36aaee\" href=\"#55b87f2a2bb36aaee\"><span class=\"fusion-toggle-icon-wrapper\" aria-hidden=\"true\"><i class=\"fa-fusion-box active-icon awb-icon-minus\" aria-hidden=\"true\"><\/i><i class=\"fa-fusion-box inactive-icon awb-icon-plus\" aria-hidden=\"true\"><\/i><\/span><span class=\"fusion-toggle-heading\">KIT DIGITAL SHOP - (Categor\u00eda Comercio electr\u00f3nico)<\/span><\/a><\/h4><\/div><div id=\"55b87f2a2bb36aaee\" class=\"panel-collapse collapse in\" aria-labelledby=\"toggle_55b87f2a2bb36aaee\"><div class=\"panel-body toggle-content fusion-clearfix\">\n<ul>\n<li>Tienda online.<\/li>\n<li>Pago por transferencia, Paypal o Tarjeta de cr\u00e9dito<\/li>\n<li>C\u00e1lculo autom\u00e1tico de gastos de env\u00edo<\/li>\n<li>Mapa, y formulario de contacto<\/li>\n<li>Aviso legal, Pol\u00edtica de privacidad y Pol\u00edtica de cookies<\/li>\n<li>Panel de control para modificar los contenidos.<\/li>\n<li>A partir de 1.490 \u20ac<\/li>\n<\/ul>\n<\/div><\/div><\/div><div class=\"fusion-panel panel-default panel-ea1360d19abf1c852 fusion-toggle-no-divider fusion-toggle-boxed-mode\" style=\"--awb-title-color:#333333;--awb-content-color:#747474;\"><div class=\"panel-heading\"><h4 class=\"panel-title toggle\" id=\"toggle_ea1360d19abf1c852\"><a aria-expanded=\"false\" aria-controls=\"ea1360d19abf1c852\" role=\"button\" data-toggle=\"collapse\" data-parent=\"#accordion-2155-1\" data-target=\"#ea1360d19abf1c852\" href=\"#ea1360d19abf1c852\"><span class=\"fusion-toggle-icon-wrapper\" aria-hidden=\"true\"><i class=\"fa-fusion-box active-icon awb-icon-minus\" aria-hidden=\"true\"><\/i><i class=\"fa-fusion-box inactive-icon awb-icon-plus\" aria-hidden=\"true\"><\/i><\/span><span class=\"fusion-toggle-heading\">KIT DIGITAL SEO (Presencia Avanzada en Internet)<\/span><\/a><\/h4><\/div><div id=\"ea1360d19abf1c852\" class=\"panel-collapse collapse \" aria-labelledby=\"toggle_ea1360d19abf1c852\"><div class=\"panel-body toggle-content fusion-clearfix\">\n<p>El servicio se basa en una dedicaci\u00f3n exclusiva mensual para analizar, proponer y realizar cambios en la p\u00e1gina web.<\/p>\n<ul>\n<li>Creaci\u00f3n de perfil en google my business.<\/li>\n<li>An\u00e1lisis de palabras clave: selecci\u00f3n de las palabras id\u00f3neas por las que posicionar, y asignaci\u00f3n a p\u00e1ginas concretas de la web.<\/li>\n<li>SEO on-page: realizamos cambios en la estructura, los textos y los campos meta de las p\u00e1ginas para incidir en sus objetivos de posicionamiwento.<\/li>\n<li>SEO off-page: estrategias orientadas a obtener enlaces entrantes.<\/li>\n<li>Informe mensual de seguimiento donde se analizan los resultados para cada p\u00e1gina y a partir del cual se proponen cambios y mejoras.<\/li>\n<li>A partir de 180\u20ac\/mes.<\/li>\n<\/ul>\n<\/div><\/div><\/div><div class=\"fusion-panel panel-default panel-92fbb3116f3aa2aa3 fusion-toggle-no-divider fusion-toggle-boxed-mode\" style=\"--awb-title-color:#333333;--awb-content-color:#747474;\"><div class=\"panel-heading\"><h4 class=\"panel-title toggle\" id=\"toggle_92fbb3116f3aa2aa3\"><a aria-expanded=\"false\" aria-controls=\"92fbb3116f3aa2aa3\" role=\"button\" data-toggle=\"collapse\" data-parent=\"#accordion-2155-1\" data-target=\"#92fbb3116f3aa2aa3\" href=\"#92fbb3116f3aa2aa3\"><span class=\"fusion-toggle-icon-wrapper\" aria-hidden=\"true\"><i class=\"fa-fusion-box active-icon awb-icon-minus\" aria-hidden=\"true\"><\/i><i class=\"fa-fusion-box inactive-icon awb-icon-plus\" aria-hidden=\"true\"><\/i><\/span><span class=\"fusion-toggle-heading\">KIT DIGITAL MARKETPLACE (Categor\u00eda Marketplace)<\/span><\/a><\/h4><\/div><div id=\"92fbb3116f3aa2aa3\" class=\"panel-collapse collapse \" aria-labelledby=\"toggle_92fbb3116f3aa2aa3\"><div class=\"panel-body toggle-content fusion-clearfix\">\n<p>Estudio, dise\u00f1o e implantaci\u00f3n en tu tienda online para que puedas vender tu producto en los principales marketplaces.<\/p>\n<ul>\n<li>Alta en la plataforma.<\/li>\n<li>Definici\u00f3n de estrategias.<\/li>\n<li>Implementaci\u00f3n de archivos de exportaci\u00f3n de cat\u00e1logo.<\/li>\n<li>Automatizaci\u00f3n de la gesti\u00f3n de pedidos.<\/li>\n<li>A partir de 650\u20ac.<\/li>\n<\/ul>\n<\/div><\/div><\/div><div class=\"fusion-panel panel-default panel-219a77fdf363a8503 fusion-toggle-no-divider fusion-toggle-boxed-mode\" style=\"--awb-title-color:#333333;--awb-content-color:#747474;\"><div class=\"panel-heading\"><h4 class=\"panel-title toggle\" id=\"toggle_219a77fdf363a8503\"><a aria-expanded=\"false\" aria-controls=\"219a77fdf363a8503\" role=\"button\" data-toggle=\"collapse\" data-parent=\"#accordion-2155-1\" data-target=\"#219a77fdf363a8503\" href=\"#219a77fdf363a8503\"><span class=\"fusion-toggle-icon-wrapper\" aria-hidden=\"true\"><i class=\"fa-fusion-box active-icon awb-icon-minus\" aria-hidden=\"true\"><\/i><i class=\"fa-fusion-box inactive-icon awb-icon-plus\" aria-hidden=\"true\"><\/i><\/span><span class=\"fusion-toggle-heading\">KIT DIGITAL COMPUTER (Categor\u00eda Puesto de trabajo seguro)<\/span><\/a><\/h4><\/div><div id=\"219a77fdf363a8503\" class=\"panel-collapse collapse \" aria-labelledby=\"toggle_219a77fdf363a8503\"><div class=\"panel-body toggle-content fusion-clearfix\">\n<p>Te suministramos un ordenador sin coste.<\/p>\n<p>Contacta con nosotros para saber m\u00e1s.<\/p>\n<p>Si lo necesitas, te podemos ayudar con la solicitud del kit digital<\/p>\n<\/div><\/div><\/div><\/div><\/div><\/div><\/div><\/div><\/div><\/p>\n","protected":false},"excerpt":{"rendered":"","protected":false},"author":1,"featured_media":0,"parent":0,"menu_order":0,"comment_status":"closed","ping_status":"closed","template":"","meta":{"_acf_changed":false,"footnotes":""},"class_list":["post-2155","page","type-page","status-publish","hentry"],"acf":[],"_links":{"self":[{"href":"https:\/\/www.aloewebs.cat\/es\/wp-json\/wp\/v2\/pages\/2155","targetHints":{"allow":["GET"]}}],"collection":[{"href":"https:\/\/www.aloewebs.cat\/es\/wp-json\/wp\/v2\/pages"}],"about":[{"href":"https:\/\/www.aloewebs.cat\/es\/wp-json\/wp\/v2\/types\/page"}],"author":[{"embeddable":true,"href":"https:\/\/www.aloewebs.cat\/es\/wp-json\/wp\/v2\/users\/1"}],"replies":[{"embeddable":true,"href":"https:\/\/www.aloewebs.cat\/es\/wp-json\/wp\/v2\/comments?post=2155"}],"version-history":[{"count":48,"href":"https:\/\/www.aloewebs.cat\/es\/wp-json\/wp\/v2\/pages\/2155\/revisions"}],"predecessor-version":[{"id":13899,"href":"https:\/\/www.aloewebs.cat\/es\/wp-json\/wp\/v2\/pages\/2155\/revisions\/13899"}],"wp:attachment":[{"href":"https:\/\/www.aloewebs.cat\/es\/wp-json\/wp\/v2\/media?parent=2155"}],"curies":[{"name":"wp","href":"https:\/\/api.w.org\/{rel}","templated":true}]}}